{"id":9030,"date":"2023-05-09T15:56:04","date_gmt":"2023-05-09T15:56:04","guid":{"rendered":"https:\/\/tmbruno.com\/?page_id=9030"},"modified":"2023-07-06T14:50:31","modified_gmt":"2023-07-06T14:50:31","slug":"certificados","status":"publish","type":"page","link":"https:\/\/tmbruno.com\/es\/certificados\/","title":{"rendered":"Certificados"},"content":{"rendered":"<div data-elementor-type=\"wp-page\" data-elementor-id=\"9030\" class=\"elementor elementor-9030\" data-elementor-post-type=\"page\">\n\t\t\t\t\t\t<section class=\"elementor-section elementor-top-section elementor-element elementor-element-3b12c82 qodef-elementor-content-grid elementor-section-boxed elementor-section-height-default elementor-section-height-default elementor-invisible\" data-id=\"3b12c82\" data-element_type=\"section\" data-e-type=\"section\" data-settings=\"{&quot;animation&quot;:&quot;fadeIn&quot;}\">\n\t\t\t\t\t\t<div class=\"elementor-container elementor-column-gap-default\">\n\t\t\t\t\t<div class=\"elementor-column elementor-col-50 elementor-top-column elementor-element elementor-element-34d9e33\" data-id=\"34d9e33\" data-element_type=\"column\" data-e-type=\"column\">\n\t\t\t<div class=\"elementor-widget-wrap elementor-element-populated\">\n\t\t\t\t\t\t<div class=\"elementor-element elementor-element-5cccbea elementor-widget-tablet__width-inherit elementor-widget elementor-widget-globefarer_core_section_title\" data-id=\"5cccbea\" data-element_type=\"widget\" data-e-type=\"widget\" data-widget_type=\"globefarer_core_section_title.default\">\n\t\t\t\t<div class=\"elementor-widget-container\">\n\t\t\t\t\t<div class=\"qodef-shortcode qodef-m  qodef-section-title qodef-alignment--left   qodef-appear-animation--yes\">\n\t\t<h6 class=\"qodef-m-tagline\" style=\"color: #007BC0\">\n\t\tQualidade\t<\/h6>\n\t\t<h1 class=\"qodef-m-title\" >\n\t\t\t\t\tCertificados\t\t\t<\/h1>\n\t\t<\/div>\n\t\t\t\t<\/div>\n\t\t\t\t<\/div>\n\t\t\t\t\t<\/div>\n\t\t<\/div>\n\t\t\t\t<div class=\"elementor-column elementor-col-50 elementor-top-column elementor-element elementor-element-b9b401a\" data-id=\"b9b401a\" data-element_type=\"column\" data-e-type=\"column\">\n\t\t\t<div class=\"elementor-widget-wrap\">\n\t\t\t\t\t\t\t<\/div>\n\t\t<\/div>\n\t\t\t\t\t<\/div>\n\t\t<\/section>\n\t\t\t\t<section class=\"elementor-section elementor-top-section elementor-element elementor-element-0ea0714 qodef-elementor-content-grid elementor-section-boxed elementor-section-height-default elementor-section-height-default\" data-id=\"0ea0714\" data-element_type=\"section\" data-e-type=\"section\">\n\t\t\t\t\t\t<div class=\"elementor-container elementor-column-gap-default\">\n\t\t\t\t\t<div class=\"elementor-column elementor-col-50 elementor-top-column elementor-element elementor-element-04f02a8\" data-id=\"04f02a8\" data-element_type=\"column\" data-e-type=\"column\" data-settings=\"{&quot;background_background&quot;:&quot;classic&quot;}\">\n\t\t\t<div class=\"elementor-widget-wrap\">\n\t\t\t\t\t\t\t<\/div>\n\t\t<\/div>\n\t\t\t\t<div class=\"elementor-column elementor-col-50 elementor-top-column elementor-element elementor-element-2a492c4\" data-id=\"2a492c4\" data-element_type=\"column\" data-e-type=\"column\">\n\t\t\t<div class=\"elementor-widget-wrap elementor-element-populated\">\n\t\t\t\t\t\t<div class=\"elementor-element elementor-element-78281ea elementor-widget__width-initial elementor-widget-tablet__width-inherit elementor-widget elementor-widget-globefarer_core_call_to_action\" data-id=\"78281ea\" data-element_type=\"widget\" data-e-type=\"widget\" data-widget_type=\"globefarer_core_call_to_action.default\">\n\t\t\t\t<div class=\"elementor-widget-container\">\n\t\t\t\t\t<div class=\"qodef-shortcode qodef-m  qodef-call-to-action qodef-layout--standard qodef-appear-animation--yes\">\n\t<div class=\"qodef-m-content\">\n    <div class=\"qodef-m-content-mask\">\n        \t<h6 class=\"qodef-m-tagline\">\n\t\tTransporte y Log\u00edstica\t<\/h6>\n\t<h3 class=\"qodef-m-title\">\n\t\tEstamos presentes en Lisboa, Oporto, Madrid y Barcelona.\t<\/h3>\n    <\/div>\n<\/div>\n<div class=\"qodef-m-button-mask\">\n    \t<a class=\"qodef-shortcode qodef-m qodef-m-button qodef-button qodef-layout--filled  qodef-html--link\" href=\"\/es\/sustentabilidade\/\" target=\"_self\"  >\t\t\t<span class=\"qodef-m-button-icon\"><svg class=\"qodef-svg--plus\" xmlns=\"http:\/\/www.w3.org\/2000\/svg\" xmlns:xlink=\"http:\/\/www.w3.org\/1999\/xlink\" width=\"14\" height=\"14\" viewbox=\"0 0 14 14\"><path class=\"qodef-m-horizontal\" d=\"M0,0H14V2H0Z\" transform=\"translate(0 6)\" \/><path class=\"qodef-m-vertical\" d=\"M0,0H2V14H0Z\" transform=\"translate(6)\" \/><\/svg><\/span>\t\t\t\t<span class=\"qodef-m-button-text\">Sostenibilidad<\/span>\t<\/a><\/div>\n<\/div>\n\t\t\t\t<\/div>\n\t\t\t\t<\/div>\n\t\t\t\t\t<\/div>\n\t\t<\/div>\n\t\t\t\t\t<\/div>\n\t\t<\/section>\n\t\t\t\t<section class=\"elementor-section elementor-top-section elementor-element elementor-element-439de1b elementor-section-full_width elementor-section-height-min-height elementor-section-content-middle elementor-section-height-default elementor-section-items-middle qodef-elementor-content-no elementor-invisible\" data-id=\"439de1b\" data-element_type=\"section\" data-e-type=\"section\" data-settings=\"{&quot;animation&quot;:&quot;pulse&quot;}\">\n\t\t\t\t\t\t\t<div class=\"elementor-background-overlay\"><\/div>\n\t\t\t\t\t\t\t<div class=\"elementor-container elementor-column-gap-default\">\n\t\t\t\t\t<div class=\"elementor-column elementor-col-100 elementor-top-column elementor-element elementor-element-e353068\" data-id=\"e353068\" data-element_type=\"column\" data-e-type=\"column\">\n\t\t\t<div class=\"elementor-widget-wrap\">\n\t\t\t\t\t\t\t<\/div>\n\t\t<\/div>\n\t\t\t\t\t<\/div>\n\t\t<\/section>\n\t\t\t\t<section class=\"elementor-section elementor-top-section elementor-element elementor-element-466a360 elementor-section-full_width qodef-elementor-content-grid elementor-section-height-default elementor-section-height-default\" data-id=\"466a360\" data-element_type=\"section\" data-e-type=\"section\">\n\t\t\t\t\t\t<div class=\"elementor-container elementor-column-gap-no\">\n\t\t\t\t\t<div class=\"elementor-column elementor-col-100 elementor-top-column elementor-element elementor-element-45b1c80\" data-id=\"45b1c80\" data-element_type=\"column\" data-e-type=\"column\">\n\t\t\t<div class=\"elementor-widget-wrap elementor-element-populated\">\n\t\t\t\t\t\t<div class=\"elementor-element elementor-element-3589b86 elementor-widget elementor-widget-globefarer_core_section_title\" data-id=\"3589b86\" data-element_type=\"widget\" data-e-type=\"widget\" data-widget_type=\"globefarer_core_section_title.default\">\n\t\t\t\t<div class=\"elementor-widget-container\">\n\t\t\t\t\t<div class=\"qodef-shortcode qodef-m  qodef-section-title qodef-alignment--left   qodef-appear-animation--no\">\n\t\t\t<h2 class=\"qodef-m-title\" >\n\t\t\t\t\tCertificaciones y Evaluaciones\t\t\t<\/h2>\n\t\t<\/div>\n\t\t\t\t<\/div>\n\t\t\t\t<\/div>\n\t\t\t\t\t<\/div>\n\t\t<\/div>\n\t\t\t\t\t<\/div>\n\t\t<\/section>\n\t\t\t\t<section class=\"elementor-section elementor-top-section elementor-element elementor-element-12c292b elementor-section-full_width qodef-elementor-content-grid elementor-section-height-default elementor-section-height-default\" data-id=\"12c292b\" data-element_type=\"section\" data-e-type=\"section\">\n\t\t\t\t\t\t<div class=\"elementor-container elementor-column-gap-no\">\n\t\t\t\t\t<div class=\"elementor-column elementor-col-100 elementor-top-column elementor-element elementor-element-0e08027\" data-id=\"0e08027\" data-element_type=\"column\" data-e-type=\"column\">\n\t\t\t<div class=\"elementor-widget-wrap elementor-element-populated\">\n\t\t\t\t\t\t<div class=\"elementor-element elementor-element-4349deb elementor-widget elementor-widget-globefarer_core_linked_titles_grid\" data-id=\"4349deb\" data-element_type=\"widget\" data-e-type=\"widget\" data-widget_type=\"globefarer_core_linked_titles_grid.default\">\n\t\t\t\t<div class=\"elementor-widget-container\">\n\t\t\t\t\t<div class=\"qodef-shortcode qodef-m  qodef-linked-titles-grid qodef-grid qodef-layout--columns  qodef-gutter--medium qodef-col-num--4  qodef-responsive--predefined\" style=\"border-top: 1px solid;border-bottom: 1px solid;border-color: #1B1B1B59;padding-top: 40px\">\n\t<div class=\"qodef-grid-inner clear\">\n\t\t\t\t\t\t<div class=\"qodef-e qodef-linked-titles-grid-item qodef-grid-item\">\n\t\t\t\t\t<div class=\"qodef-e-inner\">\n\t\t\t\t\t\t\t\t\t\t\t\t\t<h4 class=\"qodef-e-title\">\n\t\t\t\t\t\t\t\t\t\t\t\t\t\t\t\t\t<a class=\"qodef-e-link\" itemprop=\"url\" href=\"#\" target=\"_blank\">\n\t\t\t\t\t\t\t\t\t\t\t\t\t\t\t\tNP EN ISO 9001\t\t\t\t\t\t\t\t\t\t\t\t\t\t\t\t\t<\/a>\n\t\t\t\t\t\t\t\t\t\t\t\t\t\t\t<\/h4>\n\t\t\t\t\t\t\t\t\t\t\t<\/div>\n\t\t\t\t<\/div>\n\t\t\t\t\t\t\t\t<div class=\"qodef-e qodef-linked-titles-grid-item qodef-grid-item\">\n\t\t\t\t\t<div class=\"qodef-e-inner\">\n\t\t\t\t\t\t\t\t\t\t\t\t\t<h4 class=\"qodef-e-title\">\n\t\t\t\t\t\t\t\t\t\t\t\t\t\t\t\t\t<a class=\"qodef-e-link\" itemprop=\"url\" href=\"#\" target=\"_blank\">\n\t\t\t\t\t\t\t\t\t\t\t\t\t\t\t\tNP EN ISO 14001\t\t\t\t\t\t\t\t\t\t\t\t\t\t\t\t\t<\/a>\n\t\t\t\t\t\t\t\t\t\t\t\t\t\t\t<\/h4>\n\t\t\t\t\t\t\t\t\t\t\t<\/div>\n\t\t\t\t<\/div>\n\t\t\t\t\t\t\t\t<div class=\"qodef-e qodef-linked-titles-grid-item qodef-grid-item\">\n\t\t\t\t\t<div class=\"qodef-e-inner\">\n\t\t\t\t\t\t\t\t\t\t\t\t\t<h4 class=\"qodef-e-title\">\n\t\t\t\t\t\t\t\t\t\t\t\t\t\t\t\t\t<a class=\"qodef-e-link\" itemprop=\"url\" href=\"#\" target=\"_blank\">\n\t\t\t\t\t\t\t\t\t\t\t\t\t\t\t\tNP ISO 45001\t\t\t\t\t\t\t\t\t\t\t\t\t\t\t\t\t<\/a>\n\t\t\t\t\t\t\t\t\t\t\t\t\t\t\t<\/h4>\n\t\t\t\t\t\t\t\t\t\t\t<\/div>\n\t\t\t\t<\/div>\n\t\t\t\t\t\t\t\t<div class=\"qodef-e qodef-linked-titles-grid-item qodef-grid-item\">\n\t\t\t\t\t<div class=\"qodef-e-inner\">\n\t\t\t\t\t\t\t\t\t\t\t\t\t<h4 class=\"qodef-e-title\">\n\t\t\t\t\t\t\t\t\t\t\t\t\t\t\t\t\t<a class=\"qodef-e-link\" itemprop=\"url\" href=\"#\" target=\"_blank\">\n\t\t\t\t\t\t\t\t\t\t\t\t\t\t\t\tNP ISO 39001\t\t\t\t\t\t\t\t\t\t\t\t\t\t\t\t\t<\/a>\n\t\t\t\t\t\t\t\t\t\t\t\t\t\t\t<\/h4>\n\t\t\t\t\t\t\t\t\t\t\t<\/div>\n\t\t\t\t<\/div>\n\t\t\t\t\t\t\t\t<div class=\"qodef-e qodef-linked-titles-grid-item qodef-grid-item\">\n\t\t\t\t\t<div class=\"qodef-e-inner\">\n\t\t\t\t\t\t\t\t\t\t\t\t\t<h4 class=\"qodef-e-title\">\n\t\t\t\t\t\t\t\t\t\t\t\t\t\t\t\t\t<a class=\"qodef-e-link\" itemprop=\"url\" href=\"#\" target=\"_blank\">\n\t\t\t\t\t\t\t\t\t\t\t\t\t\t\t\tIFS LOGISTICS\t\t\t\t\t\t\t\t\t\t\t\t\t\t\t\t\t<\/a>\n\t\t\t\t\t\t\t\t\t\t\t\t\t\t\t<\/h4>\n\t\t\t\t\t\t\t\t\t\t\t<\/div>\n\t\t\t\t<\/div>\n\t\t\t\t\t\t\t\t<div class=\"qodef-e qodef-linked-titles-grid-item qodef-grid-item\">\n\t\t\t\t\t<div class=\"qodef-e-inner\">\n\t\t\t\t\t\t\t\t\t\t\t\t\t<h4 class=\"qodef-e-title\">\n\t\t\t\t\t\t\t\t\t\t\t\t\t\t\t\t\t<a class=\"qodef-e-link\" itemprop=\"url\" href=\"#\" target=\"_blank\">\n\t\t\t\t\t\t\t\t\t\t\t\t\t\t\t\tSQAS \t\t\t\t\t\t\t\t\t\t\t\t\t\t\t\t\t<\/a>\n\t\t\t\t\t\t\t\t\t\t\t\t\t\t\t<\/h4>\n\t\t\t\t\t\t\t\t\t\t\t<\/div>\n\t\t\t\t<\/div>\n\t\t\t\t\t\t\t\t<div class=\"qodef-e qodef-linked-titles-grid-item qodef-grid-item\">\n\t\t\t\t\t<div class=\"qodef-e-inner\">\n\t\t\t\t\t\t\t\t\t\t\t\t\t<h4 class=\"qodef-e-title\">\n\t\t\t\t\t\t\t\t\t\t\t\t\t\t\t\t\t<a class=\"qodef-e-link\" itemprop=\"url\" href=\"#\" target=\"_blank\">\n\t\t\t\t\t\t\t\t\t\t\t\t\t\t\t\tEcoVadis\t\t\t\t\t\t\t\t\t\t\t\t\t\t\t\t\t<\/a>\n\t\t\t\t\t\t\t\t\t\t\t\t\t\t\t<\/h4>\n\t\t\t\t\t\t\t\t\t\t\t<\/div>\n\t\t\t\t<\/div>\n\t\t\t\t\t<\/div>\n<\/div>\n\t\t\t\t<\/div>\n\t\t\t\t<\/div>\n\t\t\t\t\t<\/div>\n\t\t<\/div>\n\t\t\t\t\t<\/div>\n\t\t<\/section>\n\t\t\t\t<section class=\"elementor-section elementor-top-section elementor-element elementor-element-b111bf5 elementor-section-full_width elementor-section-height-min-height elementor-section-content-middle qodef-elementor-content-grid qodef-extended-grid-disabled--1366 elementor-section-stretched elementor-section-height-default elementor-section-items-middle\" data-id=\"b111bf5\" data-element_type=\"section\" data-e-type=\"section\" data-settings=\"{&quot;background_background&quot;:&quot;video&quot;,&quot;background_video_link&quot;:&quot;https:\\\/\\\/tmbruno.com\\\/wp-content\\\/uploads\\\/2023\\\/06\\\/TMB_certificados.mp4&quot;,&quot;background_play_on_mobile&quot;:&quot;yes&quot;,&quot;stretch_section&quot;:&quot;section-stretched&quot;}\">\n\t\t\t\t\t\t\t\t<div class=\"elementor-background-video-container\">\n\t\t\t\t\t\t\t\t\t\t\t\t\t<video class=\"elementor-background-video-hosted\" role=\"presentation\" autoplay muted playsinline loop><\/video>\n\t\t\t\t\t\t\t\t\t\t\t<\/div>\n\t\t\t\t\t\t\t\t\t<div class=\"elementor-background-overlay\"><\/div>\n\t\t\t\t\t\t\t<div class=\"elementor-container elementor-column-gap-no\">\n\t\t\t\t\t<div class=\"elementor-column elementor-col-100 elementor-top-column elementor-element elementor-element-9aae504\" data-id=\"9aae504\" data-element_type=\"column\" data-e-type=\"column\" data-settings=\"{&quot;background_background&quot;:&quot;classic&quot;}\">\n\t\t\t<div class=\"elementor-widget-wrap elementor-element-populated\">\n\t\t\t\t\t\t<div class=\"elementor-element elementor-element-8740af5 animated-slow elementor-invisible elementor-widget elementor-widget-image\" data-id=\"8740af5\" data-element_type=\"widget\" data-e-type=\"widget\" data-settings=\"{&quot;_animation&quot;:&quot;fadeIn&quot;}\" data-widget_type=\"image.default\">\n\t\t\t\t<div class=\"elementor-widget-container\">\n\t\t\t\t\t\t\t\t\t\t\t\t\t\t\t<img decoding=\"async\" width=\"250\" height=\"63\" src=\"https:\/\/tmbruno.com\/wp-content\/uploads\/2023\/07\/TMB-logo-branco.svg\" class=\"attachment-full size-full wp-image-9418\" alt=\"\" \/>\t\t\t\t\t\t\t\t\t\t\t\t\t\t\t<\/div>\n\t\t\t\t<\/div>\n\t\t\t\t\t<\/div>\n\t\t<\/div>\n\t\t\t\t\t<\/div>\n\t\t<\/section>\n\t\t\t\t<\/div>","protected":false},"excerpt":{"rendered":"<p>Qualidade Certificados Transportes &amp; Log\u00edstica Estamos presentes em Lisboa, Porto, Madrid e Barcelona. Sustentabilidade Certifica\u00e7\u00f5es e Avalia\u00e7\u00f5es NP EN ISO 9001 NP EN ISO 14001 NP ISO 45001 NP ISO 39001 IFS LOGISTICS SQAS EcoVadis<\/p>","protected":false},"author":1,"featured_media":0,"parent":0,"menu_order":0,"comment_status":"closed","ping_status":"closed","template":"page-full-width.php","meta":{"footnotes":""},"class_list":["post-9030","page","type-page","status-publish","hentry"],"yoast_head":"<!-- This site is optimized with the Yoast SEO plugin v27.4 - https:\/\/yoast.com\/product\/yoast-seo-wordpress\/ -->\n<title>Certificados - TMBruno<\/title>\n<meta name=\"robots\" content=\"index, follow, max-snippet:-1, max-image-preview:large, max-video-preview:-1\" \/>\n<link rel=\"canonical\" href=\"https:\/\/tmbruno.com\/es\/certificados\/\" \/>\n<meta property=\"og:locale\" content=\"es_ES\" \/>\n<meta property=\"og:type\" content=\"article\" \/>\n<meta property=\"og:title\" content=\"Certificados - TMBruno\" \/>\n<meta property=\"og:description\" content=\"Qualidade Certificados Transportes &amp; Log\u00edstica Estamos presentes em Lisboa, Porto, Madrid e Barcelona. Sustentabilidade Certifica\u00e7\u00f5es e Avalia\u00e7\u00f5es NP EN ISO 9001 NP EN ISO 14001 NP ISO 45001 NP ISO 39001 IFS LOGISTICS SQAS EcoVadis\" \/>\n<meta property=\"og:url\" content=\"https:\/\/tmbruno.com\/es\/certificados\/\" \/>\n<meta property=\"og:site_name\" content=\"TMBruno\" \/>\n<meta property=\"article:modified_time\" content=\"2023-07-06T14:50:31+00:00\" \/>\n<meta property=\"og:image\" content=\"https:\/\/tmbruno.com\/wp-content\/uploads\/2023\/07\/TMB-logo-branco.svg?_t=1688655031\" \/>\n<meta name=\"twitter:card\" content=\"summary_large_image\" \/>\n<script type=\"application\/ld+json\" class=\"yoast-schema-graph\">{\"@context\":\"https:\\\/\\\/schema.org\",\"@graph\":[{\"@type\":\"WebPage\",\"@id\":\"https:\\\/\\\/tmbruno.com\\\/certificados\\\/\",\"url\":\"https:\\\/\\\/tmbruno.com\\\/certificados\\\/\",\"name\":\"Certificados - TMBruno\",\"isPartOf\":{\"@id\":\"https:\\\/\\\/tmbruno.com\\\/#website\"},\"primaryImageOfPage\":{\"@id\":\"https:\\\/\\\/tmbruno.com\\\/certificados\\\/#primaryimage\"},\"image\":{\"@id\":\"https:\\\/\\\/tmbruno.com\\\/certificados\\\/#primaryimage\"},\"thumbnailUrl\":\"https:\\\/\\\/tmbruno.com\\\/wp-content\\\/uploads\\\/2023\\\/07\\\/TMB-logo-branco.svg?_t=1688655031\",\"datePublished\":\"2023-05-09T15:56:04+00:00\",\"dateModified\":\"2023-07-06T14:50:31+00:00\",\"breadcrumb\":{\"@id\":\"https:\\\/\\\/tmbruno.com\\\/certificados\\\/#breadcrumb\"},\"inLanguage\":\"es\",\"potentialAction\":[{\"@type\":\"ReadAction\",\"target\":[\"https:\\\/\\\/tmbruno.com\\\/certificados\\\/\"]}]},{\"@type\":\"ImageObject\",\"inLanguage\":\"es\",\"@id\":\"https:\\\/\\\/tmbruno.com\\\/certificados\\\/#primaryimage\",\"url\":\"https:\\\/\\\/tmbruno.com\\\/wp-content\\\/uploads\\\/2023\\\/07\\\/TMB-logo-branco.svg?_t=1688655031\",\"contentUrl\":\"https:\\\/\\\/tmbruno.com\\\/wp-content\\\/uploads\\\/2023\\\/07\\\/TMB-logo-branco.svg?_t=1688655031\"},{\"@type\":\"BreadcrumbList\",\"@id\":\"https:\\\/\\\/tmbruno.com\\\/certificados\\\/#breadcrumb\",\"itemListElement\":[{\"@type\":\"ListItem\",\"position\":1,\"name\":\"In\u00edcio\",\"item\":\"https:\\\/\\\/tmbruno.com\\\/\"},{\"@type\":\"ListItem\",\"position\":2,\"name\":\"Certificados\"}]},{\"@type\":\"WebSite\",\"@id\":\"https:\\\/\\\/tmbruno.com\\\/#website\",\"url\":\"https:\\\/\\\/tmbruno.com\\\/\",\"name\":\"TMBruno\",\"description\":\"Transportes Magalh\u00e3es &amp; Bruno, Lda.\",\"potentialAction\":[{\"@type\":\"SearchAction\",\"target\":{\"@type\":\"EntryPoint\",\"urlTemplate\":\"https:\\\/\\\/tmbruno.com\\\/?s={search_term_string}\"},\"query-input\":{\"@type\":\"PropertyValueSpecification\",\"valueRequired\":true,\"valueName\":\"search_term_string\"}}],\"inLanguage\":\"es\"}]}<\/script>\n<!-- \/ Yoast SEO plugin. -->","yoast_head_json":{"title":"Certificados - TMBruno","robots":{"index":"index","follow":"follow","max-snippet":"max-snippet:-1","max-image-preview":"max-image-preview:large","max-video-preview":"max-video-preview:-1"},"canonical":"https:\/\/tmbruno.com\/es\/certificados\/","og_locale":"es_ES","og_type":"article","og_title":"Certificados - TMBruno","og_description":"Qualidade Certificados Transportes &amp; Log\u00edstica Estamos presentes em Lisboa, Porto, Madrid e Barcelona. Sustentabilidade Certifica\u00e7\u00f5es e Avalia\u00e7\u00f5es NP EN ISO 9001 NP EN ISO 14001 NP ISO 45001 NP ISO 39001 IFS LOGISTICS SQAS EcoVadis","og_url":"https:\/\/tmbruno.com\/es\/certificados\/","og_site_name":"TMBruno","article_modified_time":"2023-07-06T14:50:31+00:00","og_image":[{"url":"https:\/\/tmbruno.com\/wp-content\/uploads\/2023\/07\/TMB-logo-branco.svg?_t=1688655031","type":"","width":"","height":""}],"twitter_card":"summary_large_image","schema":{"@context":"https:\/\/schema.org","@graph":[{"@type":"WebPage","@id":"https:\/\/tmbruno.com\/certificados\/","url":"https:\/\/tmbruno.com\/certificados\/","name":"Certificados - TMBruno","isPartOf":{"@id":"https:\/\/tmbruno.com\/#website"},"primaryImageOfPage":{"@id":"https:\/\/tmbruno.com\/certificados\/#primaryimage"},"image":{"@id":"https:\/\/tmbruno.com\/certificados\/#primaryimage"},"thumbnailUrl":"https:\/\/tmbruno.com\/wp-content\/uploads\/2023\/07\/TMB-logo-branco.svg?_t=1688655031","datePublished":"2023-05-09T15:56:04+00:00","dateModified":"2023-07-06T14:50:31+00:00","breadcrumb":{"@id":"https:\/\/tmbruno.com\/certificados\/#breadcrumb"},"inLanguage":"es","potentialAction":[{"@type":"ReadAction","target":["https:\/\/tmbruno.com\/certificados\/"]}]},{"@type":"ImageObject","inLanguage":"es","@id":"https:\/\/tmbruno.com\/certificados\/#primaryimage","url":"https:\/\/tmbruno.com\/wp-content\/uploads\/2023\/07\/TMB-logo-branco.svg?_t=1688655031","contentUrl":"https:\/\/tmbruno.com\/wp-content\/uploads\/2023\/07\/TMB-logo-branco.svg?_t=1688655031"},{"@type":"BreadcrumbList","@id":"https:\/\/tmbruno.com\/certificados\/#breadcrumb","itemListElement":[{"@type":"ListItem","position":1,"name":"In\u00edcio","item":"https:\/\/tmbruno.com\/"},{"@type":"ListItem","position":2,"name":"Certificados"}]},{"@type":"WebSite","@id":"https:\/\/tmbruno.com\/#website","url":"https:\/\/tmbruno.com\/","name":"TMBruno","description":"Transportes Magalh\u00e3es &amp; Bruno, Lda.","potentialAction":[{"@type":"SearchAction","target":{"@type":"EntryPoint","urlTemplate":"https:\/\/tmbruno.com\/?s={search_term_string}"},"query-input":{"@type":"PropertyValueSpecification","valueRequired":true,"valueName":"search_term_string"}}],"inLanguage":"es"}]}},"_links":{"self":[{"href":"https:\/\/tmbruno.com\/es\/wp-json\/wp\/v2\/pages\/9030","targetHints":{"allow":["GET"]}}],"collection":[{"href":"https:\/\/tmbruno.com\/es\/wp-json\/wp\/v2\/pages"}],"about":[{"href":"https:\/\/tmbruno.com\/es\/wp-json\/wp\/v2\/types\/page"}],"author":[{"embeddable":true,"href":"https:\/\/tmbruno.com\/es\/wp-json\/wp\/v2\/users\/1"}],"replies":[{"embeddable":true,"href":"https:\/\/tmbruno.com\/es\/wp-json\/wp\/v2\/comments?post=9030"}],"version-history":[{"count":5,"href":"https:\/\/tmbruno.com\/es\/wp-json\/wp\/v2\/pages\/9030\/revisions"}],"predecessor-version":[{"id":9465,"href":"https:\/\/tmbruno.com\/es\/wp-json\/wp\/v2\/pages\/9030\/revisions\/9465"}],"wp:attachment":[{"href":"https:\/\/tmbruno.com\/es\/wp-json\/wp\/v2\/media?parent=9030"}],"curies":[{"name":"wp","href":"https:\/\/api.w.org\/{rel}","templated":true}]}}