{"id":8692,"date":"2023-03-15T15:48:02","date_gmt":"2023-03-15T15:48:02","guid":{"rendered":"https:\/\/tmbruno.com\/?page_id=8692"},"modified":"2024-04-04T11:05:01","modified_gmt":"2024-04-04T11:05:01","slug":"politica-qualidade","status":"publish","type":"page","link":"https:\/\/tmbruno.com\/es\/politica-qualidade\/","title":{"rendered":"Pol\u00edtica de calidad"},"content":{"rendered":"<div data-elementor-type=\"wp-page\" data-elementor-id=\"8692\" class=\"elementor elementor-8692\" data-elementor-post-type=\"page\">\n\t\t\t\t\t\t<section class=\"elementor-section elementor-top-section elementor-element elementor-element-77a1c9a qodef-elementor-content-grid elementor-section-stretched elementor-section-boxed elementor-section-height-default elementor-section-height-default\" data-id=\"77a1c9a\" data-element_type=\"section\" data-e-type=\"section\" data-settings=\"{&quot;stretch_section&quot;:&quot;section-stretched&quot;}\">\n\t\t\t\t\t\t<div class=\"elementor-container elementor-column-gap-default\">\n\t\t\t\t\t<div class=\"elementor-column elementor-col-50 elementor-top-column elementor-element elementor-element-2910d11\" data-id=\"2910d11\" data-element_type=\"column\" data-e-type=\"column\">\n\t\t\t<div class=\"elementor-widget-wrap elementor-element-populated\">\n\t\t\t\t\t\t<div class=\"elementor-element elementor-element-70dee05 elementor-widget-tablet__width-inherit elementor-widget elementor-widget-globefarer_core_section_title\" data-id=\"70dee05\" data-element_type=\"widget\" data-e-type=\"widget\" data-widget_type=\"globefarer_core_section_title.default\">\n\t\t\t\t<div class=\"elementor-widget-container\">\n\t\t\t\t\t<div class=\"qodef-shortcode qodef-m  qodef-section-title qodef-alignment--left   qodef-appear-animation--yes\">\n\t\t<h6 class=\"qodef-m-tagline\" style=\"color: #007BC0\">\n\t\tTMB - Transportes Magalh\u00e3es &amp; Bruno, Lda.\t<\/h6>\n\t\t<h1 class=\"qodef-m-title\" >\n\t\t\t\t\tPol\u00edtica de calidad\t\t\t<\/h1>\n\t\t<\/div>\n\t\t\t\t<\/div>\n\t\t\t\t<\/div>\n\t\t\t\t\t<\/div>\n\t\t<\/div>\n\t\t\t\t<div class=\"elementor-column elementor-col-50 elementor-top-column elementor-element elementor-element-6482303\" data-id=\"6482303\" data-element_type=\"column\" data-e-type=\"column\">\n\t\t\t<div class=\"elementor-widget-wrap\">\n\t\t\t\t\t\t\t<\/div>\n\t\t<\/div>\n\t\t\t\t\t<\/div>\n\t\t<\/section>\n\t\t\t\t<section class=\"elementor-section elementor-top-section elementor-element elementor-element-b38c08c qodef-elementor-content-grid elementor-section-stretched elementor-section-boxed elementor-section-height-default elementor-section-height-default\" data-id=\"b38c08c\" data-element_type=\"section\" data-e-type=\"section\" data-settings=\"{&quot;stretch_section&quot;:&quot;section-stretched&quot;}\">\n\t\t\t\t\t\t<div class=\"elementor-container elementor-column-gap-default\">\n\t\t\t\t\t<div class=\"elementor-column elementor-col-50 elementor-top-column elementor-element elementor-element-ca373ff\" data-id=\"ca373ff\" data-element_type=\"column\" data-e-type=\"column\" data-settings=\"{&quot;background_background&quot;:&quot;classic&quot;}\">\n\t\t\t<div class=\"elementor-widget-wrap\">\n\t\t\t\t\t\t\t<\/div>\n\t\t<\/div>\n\t\t\t\t<div class=\"elementor-column elementor-col-50 elementor-top-column elementor-element elementor-element-35749a9\" data-id=\"35749a9\" data-element_type=\"column\" data-e-type=\"column\">\n\t\t\t<div class=\"elementor-widget-wrap elementor-element-populated\">\n\t\t\t\t\t\t<div class=\"elementor-element elementor-element-ea2b1a2 elementor-widget__width-initial elementor-widget-tablet__width-inherit elementor-widget elementor-widget-globefarer_core_call_to_action\" data-id=\"ea2b1a2\" data-element_type=\"widget\" data-e-type=\"widget\" data-widget_type=\"globefarer_core_call_to_action.default\">\n\t\t\t\t<div class=\"elementor-widget-container\">\n\t\t\t\t\t<div class=\"qodef-shortcode qodef-m  qodef-call-to-action qodef-layout--standard qodef-appear-animation--yes\">\n\t<div class=\"qodef-m-content\">\n    <div class=\"qodef-m-content-mask\">\n        \t<h6 class=\"qodef-m-tagline\">\n\t\tTransporte y Log\u00edstica\t<\/h6>\n\t<h3 class=\"qodef-m-title\">\n\t\tEstamos presentes en Lisboa, Oporto, Madrid y Barcelona.\t<\/h3>\n    <\/div>\n<\/div>\n<div class=\"qodef-m-button-mask\">\n    \t<a class=\"qodef-shortcode qodef-m qodef-m-button qodef-button qodef-layout--filled  qodef-html--link\" href=\"https:\/\/tmbruno.com\/es\/contactos\/\" target=\"_self\"  >\t\t\t<span class=\"qodef-m-button-icon\"><svg class=\"qodef-svg--plus\" xmlns=\"http:\/\/www.w3.org\/2000\/svg\" xmlns:xlink=\"http:\/\/www.w3.org\/1999\/xlink\" width=\"14\" height=\"14\" viewbox=\"0 0 14 14\"><path class=\"qodef-m-horizontal\" d=\"M0,0H14V2H0Z\" transform=\"translate(0 6)\" \/><path class=\"qodef-m-vertical\" d=\"M0,0H2V14H0Z\" transform=\"translate(6)\" \/><\/svg><\/span>\t\t\t\t<span class=\"qodef-m-button-text\">Contacto<\/span>\t<\/a><\/div>\n<\/div>\n\t\t\t\t<\/div>\n\t\t\t\t<\/div>\n\t\t\t\t\t<\/div>\n\t\t<\/div>\n\t\t\t\t\t<\/div>\n\t\t<\/section>\n\t\t\t\t<section class=\"elementor-section elementor-top-section elementor-element elementor-element-b1a08b2 elementor-section-full_width elementor-section-height-min-height elementor-section-content-middle elementor-section-stretched elementor-section-height-default elementor-section-items-middle qodef-elementor-content-no elementor-invisible\" data-id=\"b1a08b2\" data-element_type=\"section\" data-e-type=\"section\" data-settings=\"{&quot;animation&quot;:&quot;pulse&quot;,&quot;stretch_section&quot;:&quot;section-stretched&quot;}\">\n\t\t\t\t\t\t\t<div class=\"elementor-background-overlay\"><\/div>\n\t\t\t\t\t\t\t<div class=\"elementor-container elementor-column-gap-default\">\n\t\t\t\t\t<div class=\"elementor-column elementor-col-100 elementor-top-column elementor-element elementor-element-5377708\" data-id=\"5377708\" data-element_type=\"column\" data-e-type=\"column\">\n\t\t\t<div class=\"elementor-widget-wrap\">\n\t\t\t\t\t\t\t<\/div>\n\t\t<\/div>\n\t\t\t\t\t<\/div>\n\t\t<\/section>\n\t\t\t\t<section class=\"elementor-section elementor-top-section elementor-element elementor-element-bc83ad5 elementor-section-full_width elementor-section-height-default elementor-section-height-default qodef-elementor-content-no\" data-id=\"bc83ad5\" data-element_type=\"section\" data-e-type=\"section\">\n\t\t\t\t\t\t<div class=\"elementor-container elementor-column-gap-default\">\n\t\t\t\t\t<div class=\"elementor-column elementor-col-100 elementor-top-column elementor-element elementor-element-135a1f4\" data-id=\"135a1f4\" data-element_type=\"column\" data-e-type=\"column\">\n\t\t\t<div class=\"elementor-widget-wrap elementor-element-populated\">\n\t\t\t\t\t\t<div class=\"elementor-element elementor-element-62a7dae elementor-widget elementor-widget-globefarer_core_section_title\" data-id=\"62a7dae\" data-element_type=\"widget\" data-e-type=\"widget\" data-widget_type=\"globefarer_core_section_title.default\">\n\t\t\t\t<div class=\"elementor-widget-container\">\n\t\t\t\t\t<div class=\"qodef-shortcode qodef-m  qodef-section-title qodef-alignment--left   qodef-appear-animation--yes\">\n\t\t\t<h2 class=\"qodef-m-title\" >\n\t\t\t\t\tPol\u00edtica de calidad\t\t\t<\/h2>\n\t\t<\/div>\n\t\t\t\t<\/div>\n\t\t\t\t<\/div>\n\t\t\t\t<div class=\"elementor-element elementor-element-152b915 elementor-widget elementor-widget-spacer\" data-id=\"152b915\" data-element_type=\"widget\" data-e-type=\"widget\" data-widget_type=\"spacer.default\">\n\t\t\t\t<div class=\"elementor-widget-container\">\n\t\t\t\t\t\t\t<div class=\"elementor-spacer\">\n\t\t\t<div class=\"elementor-spacer-inner\"><\/div>\n\t\t<\/div>\n\t\t\t\t\t\t<\/div>\n\t\t\t\t<\/div>\n\t\t\t\t<div class=\"elementor-element elementor-element-a8eb6b2 elementor-widget elementor-widget-text-editor\" data-id=\"a8eb6b2\" data-element_type=\"widget\" data-e-type=\"widget\" data-widget_type=\"text-editor.default\">\n\t\t\t\t<div class=\"elementor-widget-container\">\n\t\t\t\t\t\t\t\t\tTransportes Magalh\u00e3es e Bruno ha definido su pol\u00edtica de calidad dentro del contexto en el que opera y que apoya su orientaci\u00f3n estrat\u00e9gica.\t\t\t\t\t\t\t\t<\/div>\n\t\t\t\t<\/div>\n\t\t\t\t<div class=\"elementor-element elementor-element-3be4e65 elementor-hidden-desktop elementor-hidden-tablet elementor-hidden-mobile elementor-widget elementor-widget-spacer\" data-id=\"3be4e65\" data-element_type=\"widget\" data-e-type=\"widget\" data-widget_type=\"spacer.default\">\n\t\t\t\t<div class=\"elementor-widget-container\">\n\t\t\t\t\t\t\t<div class=\"elementor-spacer\">\n\t\t\t<div class=\"elementor-spacer-inner\"><\/div>\n\t\t<\/div>\n\t\t\t\t\t\t<\/div>\n\t\t\t\t<\/div>\n\t\t\t\t<div class=\"elementor-element elementor-element-a2b4683 elementor-widget elementor-widget-text-editor\" data-id=\"a2b4683\" data-element_type=\"widget\" data-e-type=\"widget\" data-widget_type=\"text-editor.default\">\n\t\t\t\t<div class=\"elementor-widget-container\">\n\t\t\t\t\t\t\t\t\tTem como base os seguintes princ\u00edpios:\t\t\t\t\t\t\t\t<\/div>\n\t\t\t\t<\/div>\n\t\t\t\t\t<\/div>\n\t\t<\/div>\n\t\t\t\t\t<\/div>\n\t\t<\/section>\n\t\t<div class=\"elementor-element elementor-element-53d1d2a e-flex e-con-boxed e-con e-parent\" data-id=\"53d1d2a\" data-element_type=\"container\" data-e-type=\"container\">\n\t\t\t\t\t<div class=\"e-con-inner\">\n\t\t\t\t<div class=\"elementor-element elementor-element-c9c8184 elementor-widget elementor-widget-globefarer_core_list_items\" data-id=\"c9c8184\" data-element_type=\"widget\" data-e-type=\"widget\" data-widget_type=\"globefarer_core_list_items.default\">\n\t\t\t\t<div class=\"elementor-widget-container\">\n\t\t\t\t\t<div class=\"qodef-shortcode qodef-m  qodef-list-items qodef-layout--bulleted-list\">\n\t\t\t\t<ul class=\"qodef-m-list\">\n\t\t\t\t\t\t\t\t<li class=\"qodef-m-list-item\" style=\"color: #7A7A7A\">\n\t<span class=\"qodef-m-list-marker\">\n\t<svg class=\"qodef-svg--tick qodef-m-list-item-marker\" xmlns=\"http:\/\/www.w3.org\/2000\/svg\" width=\"16.971\" height=\"12.728\" viewbox=\"0 0 16.971 12.728\"><g transform=\"translate(-766.793 -1747.429)\"><rect width=\"16\" height=\"2\" transform=\"translate(771.035 1758.743) rotate(-45)\"\/><rect width=\"2\" height=\"8\" transform=\"translate(773.864 1758.743) rotate(135)\"\/><\/g><\/svg><\/span>\n\t<p class=\"qodef-m-list-item-inner\">\n\t\t\t\t\t\t<span class=\"qodef-m-list-text\">\n\t\tAliar qualidade e elevado profissionalismo, ao servi\u00e7o que prestamos a todos os que nos procuram.\t<\/span>\n\t\t\t<\/p>\n<\/li>\n\t\t\t\t\t\t\t\t<li class=\"qodef-m-list-item\" style=\"color: #7A7A7A\">\n\t<span class=\"qodef-m-list-marker\">\n\t<svg class=\"qodef-svg--tick qodef-m-list-item-marker\" xmlns=\"http:\/\/www.w3.org\/2000\/svg\" width=\"16.971\" height=\"12.728\" viewbox=\"0 0 16.971 12.728\"><g transform=\"translate(-766.793 -1747.429)\"><rect width=\"16\" height=\"2\" transform=\"translate(771.035 1758.743) rotate(-45)\"\/><rect width=\"2\" height=\"8\" transform=\"translate(773.864 1758.743) rotate(135)\"\/><\/g><\/svg><\/span>\n\t<p class=\"qodef-m-list-item-inner\">\n\t\t\t\t\t\t<span class=\"qodef-m-list-text\">\n\t\tCaracterizar o nosso servi\u00e7o como altamente especializado, com vista a satisfazer as mais variadas exig\u00eancias ao n\u00edvel dos nossos clientes respeitando a legisla\u00e7\u00e3o em vigor.\t<\/span>\n\t\t\t<\/p>\n<\/li>\n\t\t\t\t\t\t\t\t<li class=\"qodef-m-list-item\" style=\"color: #7A7A7A\">\n\t<span class=\"qodef-m-list-marker\">\n\t<svg class=\"qodef-svg--tick qodef-m-list-item-marker\" xmlns=\"http:\/\/www.w3.org\/2000\/svg\" width=\"16.971\" height=\"12.728\" viewbox=\"0 0 16.971 12.728\"><g transform=\"translate(-766.793 -1747.429)\"><rect width=\"16\" height=\"2\" transform=\"translate(771.035 1758.743) rotate(-45)\"\/><rect width=\"2\" height=\"8\" transform=\"translate(773.864 1758.743) rotate(135)\"\/><\/g><\/svg><\/span>\n\t<p class=\"qodef-m-list-item-inner\">\n\t\t\t\t\t\t<span class=\"qodef-m-list-text\">\n\t\tGarantir aos nossos clientes uma frota continuamente atualizada, apta a dar resposta a qualquer desafio, com o mais moderno equipamento.\t<\/span>\n\t\t\t<\/p>\n<\/li>\n\t\t\t\t\t\t\t\t<li class=\"qodef-m-list-item\" style=\"color: #7A7A7A\">\n\t<span class=\"qodef-m-list-marker\">\n\t<svg class=\"qodef-svg--tick qodef-m-list-item-marker\" xmlns=\"http:\/\/www.w3.org\/2000\/svg\" width=\"16.971\" height=\"12.728\" viewbox=\"0 0 16.971 12.728\"><g transform=\"translate(-766.793 -1747.429)\"><rect width=\"16\" height=\"2\" transform=\"translate(771.035 1758.743) rotate(-45)\"\/><rect width=\"2\" height=\"8\" transform=\"translate(773.864 1758.743) rotate(135)\"\/><\/g><\/svg><\/span>\n\t<p class=\"qodef-m-list-item-inner\">\n\t\t\t\t\t\t<span class=\"qodef-m-list-text\">\n\t\tA Ger\u00eancia compromete-se com a melhoria cont\u00ednua da efic\u00e1cia do sistema de gest\u00e3o da qualidade.\t<\/span>\n\t\t\t<\/p>\n<\/li>\n\t\t\t\t<\/ul>\n\t<\/div>\n\t\t\t\t<\/div>\n\t\t\t\t<\/div>\n\t\t\t\t<div class=\"elementor-element elementor-element-2c851dd elementor-widget elementor-widget-spacer\" data-id=\"2c851dd\" data-element_type=\"widget\" data-e-type=\"widget\" data-widget_type=\"spacer.default\">\n\t\t\t\t<div class=\"elementor-widget-container\">\n\t\t\t\t\t\t\t<div class=\"elementor-spacer\">\n\t\t\t<div class=\"elementor-spacer-inner\"><\/div>\n\t\t<\/div>\n\t\t\t\t\t\t<\/div>\n\t\t\t\t<\/div>\n\t\t\t\t<div class=\"elementor-element elementor-element-51beb3f elementor-widget elementor-widget-text-editor\" data-id=\"51beb3f\" data-element_type=\"widget\" data-e-type=\"widget\" data-widget_type=\"text-editor.default\">\n\t\t\t\t<div class=\"elementor-widget-container\">\n\t\t\t\t\t\t\t\t\t<p><em>Nota: Este texto \u00e9 uma vers\u00e3o atualizada da pol\u00edtica de qualidade conforme descrita em nosso manual de qualidade.<\/em><\/p>\t\t\t\t\t\t\t\t<\/div>\n\t\t\t\t<\/div>\n\t\t\t\t\t<\/div>\n\t\t\t\t<\/div>\n\t\t\t\t<\/div>","protected":false},"excerpt":{"rendered":"<p>TMB &#8211; Transportes Magalh\u00e3es &amp; Bruno, Lda. Pol\u00edtica de Qualidade Transportes &amp; Log\u00edstica Estamos presentes em Lisboa, Porto, Madrid e Barcelona. Contactos Pol\u00edtica de Qualidade A Transportes Magalh\u00e3es e Bruno definiu a sua pol\u00edtica da qualidade enquadrada no contexto em que se insere e que suporta a sua orienta\u00e7\u00e3o estrat\u00e9gica. Tem como base os seguintes [&hellip;]<\/p>","protected":false},"author":1,"featured_media":0,"parent":0,"menu_order":0,"comment_status":"closed","ping_status":"closed","template":"","meta":{"footnotes":""},"class_list":["post-8692","page","type-page","status-publish","hentry"],"yoast_head":"<!-- This site is optimized with the Yoast SEO plugin v27.4 - https:\/\/yoast.com\/product\/yoast-seo-wordpress\/ -->\n<title>Pol\u00edtica de Qualidade - TMBruno<\/title>\n<meta name=\"robots\" content=\"index, follow, max-snippet:-1, max-image-preview:large, max-video-preview:-1\" \/>\n<link rel=\"canonical\" href=\"https:\/\/tmbruno.com\/es\/politica-qualidade\/\" \/>\n<meta property=\"og:locale\" content=\"es_ES\" \/>\n<meta property=\"og:type\" content=\"article\" \/>\n<meta property=\"og:title\" content=\"Pol\u00edtica de Qualidade - TMBruno\" \/>\n<meta property=\"og:description\" content=\"TMB &#8211; Transportes Magalh\u00e3es &amp; Bruno, Lda. Pol\u00edtica de Qualidade Transportes &amp; Log\u00edstica Estamos presentes em Lisboa, Porto, Madrid e Barcelona. Contactos Pol\u00edtica de Qualidade A Transportes Magalh\u00e3es e Bruno definiu a sua pol\u00edtica da qualidade enquadrada no contexto em que se insere e que suporta a sua orienta\u00e7\u00e3o estrat\u00e9gica. Tem como base os seguintes [&hellip;]\" \/>\n<meta property=\"og:url\" content=\"https:\/\/tmbruno.com\/es\/politica-qualidade\/\" \/>\n<meta property=\"og:site_name\" content=\"TMBruno\" \/>\n<meta property=\"article:modified_time\" content=\"2024-04-04T11:05:01+00:00\" \/>\n<meta name=\"twitter:card\" content=\"summary_large_image\" \/>\n<meta name=\"twitter:label1\" content=\"Tiempo de lectura\" \/>\n\t<meta name=\"twitter:data1\" content=\"1 minuto\" \/>\n<script type=\"application\/ld+json\" class=\"yoast-schema-graph\">{\"@context\":\"https:\\\/\\\/schema.org\",\"@graph\":[{\"@type\":\"WebPage\",\"@id\":\"https:\\\/\\\/tmbruno.com\\\/politica-qualidade\\\/\",\"url\":\"https:\\\/\\\/tmbruno.com\\\/politica-qualidade\\\/\",\"name\":\"Pol\u00edtica de Qualidade - TMBruno\",\"isPartOf\":{\"@id\":\"https:\\\/\\\/tmbruno.com\\\/#website\"},\"datePublished\":\"2023-03-15T15:48:02+00:00\",\"dateModified\":\"2024-04-04T11:05:01+00:00\",\"breadcrumb\":{\"@id\":\"https:\\\/\\\/tmbruno.com\\\/politica-qualidade\\\/#breadcrumb\"},\"inLanguage\":\"es\",\"potentialAction\":[{\"@type\":\"ReadAction\",\"target\":[\"https:\\\/\\\/tmbruno.com\\\/politica-qualidade\\\/\"]}]},{\"@type\":\"BreadcrumbList\",\"@id\":\"https:\\\/\\\/tmbruno.com\\\/politica-qualidade\\\/#breadcrumb\",\"itemListElement\":[{\"@type\":\"ListItem\",\"position\":1,\"name\":\"In\u00edcio\",\"item\":\"https:\\\/\\\/tmbruno.com\\\/\"},{\"@type\":\"ListItem\",\"position\":2,\"name\":\"Pol\u00edtica de Qualidade\"}]},{\"@type\":\"WebSite\",\"@id\":\"https:\\\/\\\/tmbruno.com\\\/#website\",\"url\":\"https:\\\/\\\/tmbruno.com\\\/\",\"name\":\"TMBruno\",\"description\":\"Transportes Magalh\u00e3es &amp; Bruno, Lda.\",\"potentialAction\":[{\"@type\":\"SearchAction\",\"target\":{\"@type\":\"EntryPoint\",\"urlTemplate\":\"https:\\\/\\\/tmbruno.com\\\/?s={search_term_string}\"},\"query-input\":{\"@type\":\"PropertyValueSpecification\",\"valueRequired\":true,\"valueName\":\"search_term_string\"}}],\"inLanguage\":\"es\"}]}<\/script>\n<!-- \/ Yoast SEO plugin. -->","yoast_head_json":{"title":"Pol\u00edtica de Qualidade - TMBruno","robots":{"index":"index","follow":"follow","max-snippet":"max-snippet:-1","max-image-preview":"max-image-preview:large","max-video-preview":"max-video-preview:-1"},"canonical":"https:\/\/tmbruno.com\/es\/politica-qualidade\/","og_locale":"es_ES","og_type":"article","og_title":"Pol\u00edtica de Qualidade - TMBruno","og_description":"TMB &#8211; Transportes Magalh\u00e3es &amp; Bruno, Lda. Pol\u00edtica de Qualidade Transportes &amp; Log\u00edstica Estamos presentes em Lisboa, Porto, Madrid e Barcelona. Contactos Pol\u00edtica de Qualidade A Transportes Magalh\u00e3es e Bruno definiu a sua pol\u00edtica da qualidade enquadrada no contexto em que se insere e que suporta a sua orienta\u00e7\u00e3o estrat\u00e9gica. Tem como base os seguintes [&hellip;]","og_url":"https:\/\/tmbruno.com\/es\/politica-qualidade\/","og_site_name":"TMBruno","article_modified_time":"2024-04-04T11:05:01+00:00","twitter_card":"summary_large_image","twitter_misc":{"Tiempo de lectura":"1 minuto"},"schema":{"@context":"https:\/\/schema.org","@graph":[{"@type":"WebPage","@id":"https:\/\/tmbruno.com\/politica-qualidade\/","url":"https:\/\/tmbruno.com\/politica-qualidade\/","name":"Pol\u00edtica de Qualidade - TMBruno","isPartOf":{"@id":"https:\/\/tmbruno.com\/#website"},"datePublished":"2023-03-15T15:48:02+00:00","dateModified":"2024-04-04T11:05:01+00:00","breadcrumb":{"@id":"https:\/\/tmbruno.com\/politica-qualidade\/#breadcrumb"},"inLanguage":"es","potentialAction":[{"@type":"ReadAction","target":["https:\/\/tmbruno.com\/politica-qualidade\/"]}]},{"@type":"BreadcrumbList","@id":"https:\/\/tmbruno.com\/politica-qualidade\/#breadcrumb","itemListElement":[{"@type":"ListItem","position":1,"name":"In\u00edcio","item":"https:\/\/tmbruno.com\/"},{"@type":"ListItem","position":2,"name":"Pol\u00edtica de Qualidade"}]},{"@type":"WebSite","@id":"https:\/\/tmbruno.com\/#website","url":"https:\/\/tmbruno.com\/","name":"TMBruno","description":"Transportes Magalh\u00e3es &amp; Bruno, Lda.","potentialAction":[{"@type":"SearchAction","target":{"@type":"EntryPoint","urlTemplate":"https:\/\/tmbruno.com\/?s={search_term_string}"},"query-input":{"@type":"PropertyValueSpecification","valueRequired":true,"valueName":"search_term_string"}}],"inLanguage":"es"}]}},"_links":{"self":[{"href":"https:\/\/tmbruno.com\/es\/wp-json\/wp\/v2\/pages\/8692","targetHints":{"allow":["GET"]}}],"collection":[{"href":"https:\/\/tmbruno.com\/es\/wp-json\/wp\/v2\/pages"}],"about":[{"href":"https:\/\/tmbruno.com\/es\/wp-json\/wp\/v2\/types\/page"}],"author":[{"embeddable":true,"href":"https:\/\/tmbruno.com\/es\/wp-json\/wp\/v2\/users\/1"}],"replies":[{"embeddable":true,"href":"https:\/\/tmbruno.com\/es\/wp-json\/wp\/v2\/comments?post=8692"}],"version-history":[{"count":5,"href":"https:\/\/tmbruno.com\/es\/wp-json\/wp\/v2\/pages\/8692\/revisions"}],"predecessor-version":[{"id":10334,"href":"https:\/\/tmbruno.com\/es\/wp-json\/wp\/v2\/pages\/8692\/revisions\/10334"}],"wp:attachment":[{"href":"https:\/\/tmbruno.com\/es\/wp-json\/wp\/v2\/media?parent=8692"}],"curies":[{"name":"wp","href":"https:\/\/api.w.org\/{rel}","templated":true}]}}