{"id":8687,"date":"2023-03-15T15:38:12","date_gmt":"2023-03-15T15:38:12","guid":{"rendered":"https:\/\/tmbruno.com\/?page_id=8687"},"modified":"2023-10-25T14:05:18","modified_gmt":"2023-10-25T14:05:18","slug":"politica-cookies","status":"publish","type":"page","link":"https:\/\/tmbruno.com\/en\/politica-cookies\/","title":{"rendered":"Cookies Policy"},"content":{"rendered":"<div data-elementor-type=\"wp-page\" data-elementor-id=\"8687\" class=\"elementor elementor-8687\" data-elementor-post-type=\"page\">\n\t\t\t\t\t\t<section class=\"elementor-section elementor-top-section elementor-element elementor-element-77a1c9a qodef-elementor-content-grid elementor-section-stretched elementor-section-boxed elementor-section-height-default elementor-section-height-default\" data-id=\"77a1c9a\" data-element_type=\"section\" data-e-type=\"section\" data-settings=\"{&quot;stretch_section&quot;:&quot;section-stretched&quot;}\">\n\t\t\t\t\t\t<div class=\"elementor-container elementor-column-gap-default\">\n\t\t\t\t\t<div class=\"elementor-column elementor-col-50 elementor-top-column elementor-element elementor-element-2910d11\" data-id=\"2910d11\" data-element_type=\"column\" data-e-type=\"column\">\n\t\t\t<div class=\"elementor-widget-wrap elementor-element-populated\">\n\t\t\t\t\t\t<div class=\"elementor-element elementor-element-70dee05 elementor-widget-tablet__width-inherit elementor-widget elementor-widget-globefarer_core_section_title\" data-id=\"70dee05\" data-element_type=\"widget\" data-e-type=\"widget\" data-widget_type=\"globefarer_core_section_title.default\">\n\t\t\t\t<div class=\"elementor-widget-container\">\n\t\t\t\t\t<div class=\"qodef-shortcode qodef-m  qodef-section-title qodef-alignment--left   qodef-appear-animation--yes\">\n\t\t<h6 class=\"qodef-m-tagline\" style=\"color: #007BC0\">\n\t\tTMB - Transportes Magalh\u00e3es &amp; Bruno, Lda.\t<\/h6>\n\t\t<h1 class=\"qodef-m-title\" >\n\t\t\t\t\tCookies Policy\t\t\t<\/h1>\n\t\t<\/div>\n\t\t\t\t<\/div>\n\t\t\t\t<\/div>\n\t\t\t\t\t<\/div>\n\t\t<\/div>\n\t\t\t\t<div class=\"elementor-column elementor-col-50 elementor-top-column elementor-element elementor-element-6482303\" data-id=\"6482303\" data-element_type=\"column\" data-e-type=\"column\">\n\t\t\t<div class=\"elementor-widget-wrap\">\n\t\t\t\t\t\t\t<\/div>\n\t\t<\/div>\n\t\t\t\t\t<\/div>\n\t\t<\/section>\n\t\t\t\t<section class=\"elementor-section elementor-top-section elementor-element elementor-element-b38c08c qodef-elementor-content-grid elementor-section-stretched elementor-section-boxed elementor-section-height-default elementor-section-height-default\" data-id=\"b38c08c\" data-element_type=\"section\" data-e-type=\"section\" data-settings=\"{&quot;stretch_section&quot;:&quot;section-stretched&quot;}\">\n\t\t\t\t\t\t<div class=\"elementor-container elementor-column-gap-default\">\n\t\t\t\t\t<div class=\"elementor-column elementor-col-50 elementor-top-column elementor-element elementor-element-ca373ff\" data-id=\"ca373ff\" data-element_type=\"column\" data-e-type=\"column\" data-settings=\"{&quot;background_background&quot;:&quot;classic&quot;}\">\n\t\t\t<div class=\"elementor-widget-wrap\">\n\t\t\t\t\t\t\t<\/div>\n\t\t<\/div>\n\t\t\t\t<div class=\"elementor-column elementor-col-50 elementor-top-column elementor-element elementor-element-35749a9\" data-id=\"35749a9\" data-element_type=\"column\" data-e-type=\"column\">\n\t\t\t<div class=\"elementor-widget-wrap elementor-element-populated\">\n\t\t\t\t\t\t<div class=\"elementor-element elementor-element-ea2b1a2 elementor-widget__width-initial elementor-widget-tablet__width-inherit elementor-widget elementor-widget-globefarer_core_call_to_action\" data-id=\"ea2b1a2\" data-element_type=\"widget\" data-e-type=\"widget\" data-widget_type=\"globefarer_core_call_to_action.default\">\n\t\t\t\t<div class=\"elementor-widget-container\">\n\t\t\t\t\t<div class=\"qodef-shortcode qodef-m  qodef-call-to-action qodef-layout--standard qodef-appear-animation--yes\">\n\t<div class=\"qodef-m-content\">\n    <div class=\"qodef-m-content-mask\">\n        \t<h6 class=\"qodef-m-tagline\">\n\t\tTransport &amp; Logistics\t<\/h6>\n\t<h3 class=\"qodef-m-title\">\n\t\tWe are present in Lisbon, Porto, Madrid and Barcelona.\t<\/h3>\n    <\/div>\n<\/div>\n<div class=\"qodef-m-button-mask\">\n    \t<a class=\"qodef-shortcode qodef-m qodef-m-button qodef-button qodef-layout--filled  qodef-html--link\" href=\"https:\/\/tmbruno.com\/en\/contactos\/\" target=\"_self\"  >\t\t\t<span class=\"qodef-m-button-icon\"><svg class=\"qodef-svg--plus\" xmlns=\"http:\/\/www.w3.org\/2000\/svg\" xmlns:xlink=\"http:\/\/www.w3.org\/1999\/xlink\" width=\"14\" height=\"14\" viewbox=\"0 0 14 14\"><path class=\"qodef-m-horizontal\" d=\"M0,0H14V2H0Z\" transform=\"translate(0 6)\" \/><path class=\"qodef-m-vertical\" d=\"M0,0H2V14H0Z\" transform=\"translate(6)\" \/><\/svg><\/span>\t\t\t\t<span class=\"qodef-m-button-text\">Contact<\/span>\t<\/a><\/div>\n<\/div>\n\t\t\t\t<\/div>\n\t\t\t\t<\/div>\n\t\t\t\t\t<\/div>\n\t\t<\/div>\n\t\t\t\t\t<\/div>\n\t\t<\/section>\n\t\t\t\t<section class=\"elementor-section elementor-top-section elementor-element elementor-element-5525ac0 elementor-section-full_width elementor-section-height-min-height elementor-section-content-middle elementor-section-stretched elementor-section-height-default elementor-section-items-middle qodef-elementor-content-no elementor-invisible\" data-id=\"5525ac0\" data-element_type=\"section\" data-e-type=\"section\" data-settings=\"{&quot;animation&quot;:&quot;pulse&quot;,&quot;stretch_section&quot;:&quot;section-stretched&quot;}\">\n\t\t\t\t\t\t\t<div class=\"elementor-background-overlay\"><\/div>\n\t\t\t\t\t\t\t<div class=\"elementor-container elementor-column-gap-default\">\n\t\t\t\t\t<div class=\"elementor-column elementor-col-100 elementor-top-column elementor-element elementor-element-78f223c\" data-id=\"78f223c\" data-element_type=\"column\" data-e-type=\"column\">\n\t\t\t<div class=\"elementor-widget-wrap\">\n\t\t\t\t\t\t\t<\/div>\n\t\t<\/div>\n\t\t\t\t\t<\/div>\n\t\t<\/section>\n\t\t\t\t<section class=\"elementor-section elementor-top-section elementor-element elementor-element-bc83ad5 elementor-section-full_width elementor-section-height-default elementor-section-height-default qodef-elementor-content-no\" data-id=\"bc83ad5\" data-element_type=\"section\" data-e-type=\"section\">\n\t\t\t\t\t\t<div class=\"elementor-container elementor-column-gap-default\">\n\t\t\t\t\t<div class=\"elementor-column elementor-col-100 elementor-top-column elementor-element elementor-element-135a1f4\" data-id=\"135a1f4\" data-element_type=\"column\" data-e-type=\"column\">\n\t\t\t<div class=\"elementor-widget-wrap elementor-element-populated\">\n\t\t\t\t\t\t<div class=\"elementor-element elementor-element-62a7dae elementor-widget elementor-widget-globefarer_core_section_title\" data-id=\"62a7dae\" data-element_type=\"widget\" data-e-type=\"widget\" data-widget_type=\"globefarer_core_section_title.default\">\n\t\t\t\t<div class=\"elementor-widget-container\">\n\t\t\t\t\t<div class=\"qodef-shortcode qodef-m  qodef-section-title qodef-alignment--left   qodef-appear-animation--yes\">\n\t\t\t<h2 class=\"qodef-m-title\" >\n\t\t\t\t\tCookies Policy\t\t\t<\/h2>\n\t\t<\/div>\n\t\t\t\t<\/div>\n\t\t\t\t<\/div>\n\t\t\t\t<div class=\"elementor-element elementor-element-152b915 elementor-widget elementor-widget-spacer\" data-id=\"152b915\" data-element_type=\"widget\" data-e-type=\"widget\" data-widget_type=\"spacer.default\">\n\t\t\t\t<div class=\"elementor-widget-container\">\n\t\t\t\t\t\t\t<div class=\"elementor-spacer\">\n\t\t\t<div class=\"elementor-spacer-inner\"><\/div>\n\t\t<\/div>\n\t\t\t\t\t\t<\/div>\n\t\t\t\t<\/div>\n\t\t\t\t<div class=\"elementor-element elementor-element-a8eb6b2 elementor-widget elementor-widget-text-editor\" data-id=\"a8eb6b2\" data-element_type=\"widget\" data-e-type=\"widget\" data-widget_type=\"text-editor.default\">\n\t\t\t\t<div class=\"elementor-widget-container\">\n\t\t\t\t\t\t\t\t\t<p>TMB Transportes Magalh\u00e3es &amp; Bruno, Lda. uses cookies related to the language of the page and the session identifier. A cookie is a small text file that identifies your computer on our server. The cookies themselves do not identify the individual user, only the computer used. Cookies are not used to collect personal information. Cookies are used to help determine the usefulness, interest and number of uses of the TMB Transportes Magalh\u00e3es &amp; Bruno, Lda. website, enabling faster and more efficient browsing, as well as to analyse traffic in order to improve our service.<\/p>\n<p>Web browsers allow you to exercise some control over cookies through the browser settings. Most browsers allow you to block cookies or block cookies from specific websites. Browsers can also help you delete cookies when you close the browser. To find out more about cookies, including how to see how cookies have been created and how to manage and delete them, visit www.allaboutcookies.org which includes information on how to manage your settings for the various browser providers.<\/p>\t\t\t\t\t\t\t\t<\/div>\n\t\t\t\t<\/div>\n\t\t\t\t<div class=\"elementor-element elementor-element-3be4e65 elementor-widget elementor-widget-spacer\" data-id=\"3be4e65\" data-element_type=\"widget\" data-e-type=\"widget\" data-widget_type=\"spacer.default\">\n\t\t\t\t<div class=\"elementor-widget-container\">\n\t\t\t\t\t\t\t<div class=\"elementor-spacer\">\n\t\t\t<div class=\"elementor-spacer-inner\"><\/div>\n\t\t<\/div>\n\t\t\t\t\t\t<\/div>\n\t\t\t\t<\/div>\n\t\t\t\t<div class=\"elementor-element elementor-element-a2b4683 elementor-widget elementor-widget-text-editor\" data-id=\"a2b4683\" data-element_type=\"widget\" data-e-type=\"widget\" data-widget_type=\"text-editor.default\">\n\t\t\t\t<div class=\"elementor-widget-container\">\n\t\t\t\t\t\t\t\t\t<p>Last updated: 1 MAY 2023<\/p>\t\t\t\t\t\t\t\t<\/div>\n\t\t\t\t<\/div>\n\t\t\t\t\t<\/div>\n\t\t<\/div>\n\t\t\t\t\t<\/div>\n\t\t<\/section>\n\t\t\t\t<\/div>","protected":false},"excerpt":{"rendered":"<p>TMB &#8211; Transportes Magalh\u00e3es &amp; Bruno, Lda. Pol\u00edtica de Cookies Transportes &amp; Log\u00edstica Estamos presentes em Lisboa, Porto, Madrid e Barcelona. Contactos Pol\u00edtica de Cookies A TMB Transportes Magalh\u00e3es &#038; Bruno, Lda. utiliza cookies relativos ao idioma da p\u00e1gina e ao identificador da sess\u00e3o. Um cookie \u00e9 um pequeno ficheiro arquivo de texto que identifica [&hellip;]<\/p>","protected":false},"author":1,"featured_media":0,"parent":0,"menu_order":0,"comment_status":"closed","ping_status":"closed","template":"","meta":{"footnotes":""},"class_list":["post-8687","page","type-page","status-publish","hentry"],"yoast_head":"<!-- This site is optimized with the Yoast SEO plugin v27.4 - https:\/\/yoast.com\/product\/yoast-seo-wordpress\/ -->\n<title>Pol\u00edtica de Cookies - TMBruno<\/title>\n<meta name=\"robots\" content=\"index, follow, max-snippet:-1, max-image-preview:large, max-video-preview:-1\" \/>\n<link rel=\"canonical\" href=\"https:\/\/tmbruno.com\/en\/politica-cookies\/\" \/>\n<meta property=\"og:locale\" content=\"en_GB\" \/>\n<meta property=\"og:type\" content=\"article\" \/>\n<meta property=\"og:title\" content=\"Pol\u00edtica de Cookies - TMBruno\" \/>\n<meta property=\"og:description\" content=\"TMB &#8211; Transportes Magalh\u00e3es &amp; Bruno, Lda. Pol\u00edtica de Cookies Transportes &amp; Log\u00edstica Estamos presentes em Lisboa, Porto, Madrid e Barcelona. Contactos Pol\u00edtica de Cookies A TMB Transportes Magalh\u00e3es &#038; Bruno, Lda. utiliza cookies relativos ao idioma da p\u00e1gina e ao identificador da sess\u00e3o. Um cookie \u00e9 um pequeno ficheiro arquivo de texto que identifica [&hellip;]\" \/>\n<meta property=\"og:url\" content=\"https:\/\/tmbruno.com\/en\/politica-cookies\/\" \/>\n<meta property=\"og:site_name\" content=\"TMBruno\" \/>\n<meta property=\"article:modified_time\" content=\"2023-10-25T14:05:18+00:00\" \/>\n<meta name=\"twitter:card\" content=\"summary_large_image\" \/>\n<meta name=\"twitter:label1\" content=\"Estimated reading time\" \/>\n\t<meta name=\"twitter:data1\" content=\"1 minute\" \/>\n<script type=\"application\/ld+json\" class=\"yoast-schema-graph\">{\"@context\":\"https:\\\/\\\/schema.org\",\"@graph\":[{\"@type\":\"WebPage\",\"@id\":\"https:\\\/\\\/tmbruno.com\\\/politica-cookies\\\/\",\"url\":\"https:\\\/\\\/tmbruno.com\\\/politica-cookies\\\/\",\"name\":\"Pol\u00edtica de Cookies - TMBruno\",\"isPartOf\":{\"@id\":\"https:\\\/\\\/tmbruno.com\\\/#website\"},\"datePublished\":\"2023-03-15T15:38:12+00:00\",\"dateModified\":\"2023-10-25T14:05:18+00:00\",\"breadcrumb\":{\"@id\":\"https:\\\/\\\/tmbruno.com\\\/politica-cookies\\\/#breadcrumb\"},\"inLanguage\":\"en-GB\",\"potentialAction\":[{\"@type\":\"ReadAction\",\"target\":[\"https:\\\/\\\/tmbruno.com\\\/politica-cookies\\\/\"]}]},{\"@type\":\"BreadcrumbList\",\"@id\":\"https:\\\/\\\/tmbruno.com\\\/politica-cookies\\\/#breadcrumb\",\"itemListElement\":[{\"@type\":\"ListItem\",\"position\":1,\"name\":\"In\u00edcio\",\"item\":\"https:\\\/\\\/tmbruno.com\\\/\"},{\"@type\":\"ListItem\",\"position\":2,\"name\":\"Pol\u00edtica de Cookies\"}]},{\"@type\":\"WebSite\",\"@id\":\"https:\\\/\\\/tmbruno.com\\\/#website\",\"url\":\"https:\\\/\\\/tmbruno.com\\\/\",\"name\":\"TMBruno\",\"description\":\"Transportes Magalh\u00e3es &amp; Bruno, Lda.\",\"potentialAction\":[{\"@type\":\"SearchAction\",\"target\":{\"@type\":\"EntryPoint\",\"urlTemplate\":\"https:\\\/\\\/tmbruno.com\\\/?s={search_term_string}\"},\"query-input\":{\"@type\":\"PropertyValueSpecification\",\"valueRequired\":true,\"valueName\":\"search_term_string\"}}],\"inLanguage\":\"en-GB\"}]}<\/script>\n<!-- \/ Yoast SEO plugin. -->","yoast_head_json":{"title":"Pol\u00edtica de Cookies - TMBruno","robots":{"index":"index","follow":"follow","max-snippet":"max-snippet:-1","max-image-preview":"max-image-preview:large","max-video-preview":"max-video-preview:-1"},"canonical":"https:\/\/tmbruno.com\/en\/politica-cookies\/","og_locale":"en_GB","og_type":"article","og_title":"Pol\u00edtica de Cookies - TMBruno","og_description":"TMB &#8211; Transportes Magalh\u00e3es &amp; Bruno, Lda. Pol\u00edtica de Cookies Transportes &amp; Log\u00edstica Estamos presentes em Lisboa, Porto, Madrid e Barcelona. Contactos Pol\u00edtica de Cookies A TMB Transportes Magalh\u00e3es &#038; Bruno, Lda. utiliza cookies relativos ao idioma da p\u00e1gina e ao identificador da sess\u00e3o. Um cookie \u00e9 um pequeno ficheiro arquivo de texto que identifica [&hellip;]","og_url":"https:\/\/tmbruno.com\/en\/politica-cookies\/","og_site_name":"TMBruno","article_modified_time":"2023-10-25T14:05:18+00:00","twitter_card":"summary_large_image","twitter_misc":{"Estimated reading time":"1 minute"},"schema":{"@context":"https:\/\/schema.org","@graph":[{"@type":"WebPage","@id":"https:\/\/tmbruno.com\/politica-cookies\/","url":"https:\/\/tmbruno.com\/politica-cookies\/","name":"Pol\u00edtica de Cookies - TMBruno","isPartOf":{"@id":"https:\/\/tmbruno.com\/#website"},"datePublished":"2023-03-15T15:38:12+00:00","dateModified":"2023-10-25T14:05:18+00:00","breadcrumb":{"@id":"https:\/\/tmbruno.com\/politica-cookies\/#breadcrumb"},"inLanguage":"en-GB","potentialAction":[{"@type":"ReadAction","target":["https:\/\/tmbruno.com\/politica-cookies\/"]}]},{"@type":"BreadcrumbList","@id":"https:\/\/tmbruno.com\/politica-cookies\/#breadcrumb","itemListElement":[{"@type":"ListItem","position":1,"name":"In\u00edcio","item":"https:\/\/tmbruno.com\/"},{"@type":"ListItem","position":2,"name":"Pol\u00edtica de Cookies"}]},{"@type":"WebSite","@id":"https:\/\/tmbruno.com\/#website","url":"https:\/\/tmbruno.com\/","name":"TMBruno","description":"Transportes Magalh\u00e3es &amp; Bruno, Lda.","potentialAction":[{"@type":"SearchAction","target":{"@type":"EntryPoint","urlTemplate":"https:\/\/tmbruno.com\/?s={search_term_string}"},"query-input":{"@type":"PropertyValueSpecification","valueRequired":true,"valueName":"search_term_string"}}],"inLanguage":"en-GB"}]}},"_links":{"self":[{"href":"https:\/\/tmbruno.com\/en\/wp-json\/wp\/v2\/pages\/8687","targetHints":{"allow":["GET"]}}],"collection":[{"href":"https:\/\/tmbruno.com\/en\/wp-json\/wp\/v2\/pages"}],"about":[{"href":"https:\/\/tmbruno.com\/en\/wp-json\/wp\/v2\/types\/page"}],"author":[{"embeddable":true,"href":"https:\/\/tmbruno.com\/en\/wp-json\/wp\/v2\/users\/1"}],"replies":[{"embeddable":true,"href":"https:\/\/tmbruno.com\/en\/wp-json\/wp\/v2\/comments?post=8687"}],"version-history":[{"count":5,"href":"https:\/\/tmbruno.com\/en\/wp-json\/wp\/v2\/pages\/8687\/revisions"}],"predecessor-version":[{"id":10187,"href":"https:\/\/tmbruno.com\/en\/wp-json\/wp\/v2\/pages\/8687\/revisions\/10187"}],"wp:attachment":[{"href":"https:\/\/tmbruno.com\/en\/wp-json\/wp\/v2\/media?parent=8687"}],"curies":[{"name":"wp","href":"https:\/\/api.w.org\/{rel}","templated":true}]}}