{"id":8618,"date":"2023-03-10T14:59:19","date_gmt":"2023-03-10T14:59:19","guid":{"rendered":"https:\/\/tmbruno.com\/?page_id=8618"},"modified":"2025-09-17T16:44:48","modified_gmt":"2025-09-17T16:44:48","slug":"historia","status":"publish","type":"page","link":"https:\/\/tmbruno.com\/en\/quem-somos\/historia\/","title":{"rendered":"History"},"content":{"rendered":"<div data-elementor-type=\"wp-page\" data-elementor-id=\"8618\" class=\"elementor elementor-8618\" data-elementor-post-type=\"page\">\n\t\t\t\t\t\t<section class=\"elementor-section elementor-top-section elementor-element elementor-element-df8f2a1 qodef-elementor-content-grid elementor-section-stretched elementor-section-boxed elementor-section-height-default elementor-section-height-default elementor-invisible\" data-id=\"df8f2a1\" data-element_type=\"section\" data-e-type=\"section\" data-settings=\"{&quot;animation&quot;:&quot;fadeIn&quot;,&quot;stretch_section&quot;:&quot;section-stretched&quot;}\">\n\t\t\t\t\t\t<div class=\"elementor-container elementor-column-gap-default\">\n\t\t\t\t\t<div class=\"elementor-column elementor-col-50 elementor-top-column elementor-element elementor-element-063b629 elementor-invisible\" data-id=\"063b629\" data-element_type=\"column\" data-e-type=\"column\" data-settings=\"{&quot;animation&quot;:&quot;fadeIn&quot;}\">\n\t\t\t<div class=\"elementor-widget-wrap elementor-element-populated\">\n\t\t\t\t\t\t<div class=\"elementor-element elementor-element-3f4f73c elementor-widget-tablet__width-inherit elementor-widget elementor-widget-globefarer_core_section_title\" data-id=\"3f4f73c\" data-element_type=\"widget\" data-e-type=\"widget\" data-widget_type=\"globefarer_core_section_title.default\">\n\t\t\t\t<div class=\"elementor-widget-container\">\n\t\t\t\t\t<div class=\"qodef-shortcode qodef-m  qodef-section-title qodef-alignment--left   qodef-appear-animation--yes\">\n\t\t<h6 class=\"qodef-m-tagline\" style=\"color: #007BC0\">\n\t\tTMB - Transportes Magalh\u00e3es &amp; Bruno, Lda. \t<\/h6>\n\t\t<h1 class=\"qodef-m-title\" >\n\t\t\t\t\tHistory\t\t\t<\/h1>\n\t\t<\/div>\n\t\t\t\t<\/div>\n\t\t\t\t<\/div>\n\t\t\t\t\t<\/div>\n\t\t<\/div>\n\t\t\t\t<div class=\"elementor-column elementor-col-50 elementor-top-column elementor-element elementor-element-f9e9826\" data-id=\"f9e9826\" data-element_type=\"column\" data-e-type=\"column\">\n\t\t\t<div class=\"elementor-widget-wrap\">\n\t\t\t\t\t\t\t<\/div>\n\t\t<\/div>\n\t\t\t\t\t<\/div>\n\t\t<\/section>\n\t\t\t\t<section class=\"elementor-section elementor-top-section elementor-element elementor-element-c38ab19 qodef-elementor-content-grid elementor-section-stretched elementor-section-boxed elementor-section-height-default elementor-section-height-default\" data-id=\"c38ab19\" data-element_type=\"section\" data-e-type=\"section\" data-settings=\"{&quot;stretch_section&quot;:&quot;section-stretched&quot;}\">\n\t\t\t\t\t\t<div class=\"elementor-container elementor-column-gap-default\">\n\t\t\t\t\t<div class=\"elementor-column elementor-col-50 elementor-top-column elementor-element elementor-element-78a4bb2\" data-id=\"78a4bb2\" data-element_type=\"column\" data-e-type=\"column\" data-settings=\"{&quot;background_background&quot;:&quot;classic&quot;}\">\n\t\t\t<div class=\"elementor-widget-wrap\">\n\t\t\t\t\t\t\t<\/div>\n\t\t<\/div>\n\t\t\t\t<div class=\"elementor-column elementor-col-50 elementor-top-column elementor-element elementor-element-e5d7beb\" data-id=\"e5d7beb\" data-element_type=\"column\" data-e-type=\"column\">\n\t\t\t<div class=\"elementor-widget-wrap elementor-element-populated\">\n\t\t\t\t\t\t<div class=\"elementor-element elementor-element-9fdf4a0 elementor-widget__width-initial elementor-widget-tablet__width-inherit elementor-widget elementor-widget-globefarer_core_call_to_action\" data-id=\"9fdf4a0\" data-element_type=\"widget\" data-e-type=\"widget\" data-widget_type=\"globefarer_core_call_to_action.default\">\n\t\t\t\t<div class=\"elementor-widget-container\">\n\t\t\t\t\t<div class=\"qodef-shortcode qodef-m  qodef-call-to-action qodef-layout--standard qodef-appear-animation--yes\">\n\t<div class=\"qodef-m-content\">\n    <div class=\"qodef-m-content-mask\">\n        \t<h6 class=\"qodef-m-tagline\">\n\t\tTransport &amp; Logistics\t<\/h6>\n\t<h3 class=\"qodef-m-title\">\n\t\tWe are present in Lisbon, Porto, Madrid and Barcelona.\t<\/h3>\n    <\/div>\n<\/div>\n<div class=\"qodef-m-button-mask\">\n    \t<a class=\"qodef-shortcode qodef-m qodef-m-button qodef-button qodef-layout--filled  qodef-html--link\" href=\"https:\/\/tmbruno.com\/en\/quem-somos\/onde-estamos\/\" target=\"_self\"  >\t\t\t<span class=\"qodef-m-button-icon\"><svg class=\"qodef-svg--plus\" xmlns=\"http:\/\/www.w3.org\/2000\/svg\" xmlns:xlink=\"http:\/\/www.w3.org\/1999\/xlink\" width=\"14\" height=\"14\" viewbox=\"0 0 14 14\"><path class=\"qodef-m-horizontal\" d=\"M0,0H14V2H0Z\" transform=\"translate(0 6)\" \/><path class=\"qodef-m-vertical\" d=\"M0,0H2V14H0Z\" transform=\"translate(6)\" \/><\/svg><\/span>\t\t\t\t<span class=\"qodef-m-button-text\">Where we are<\/span>\t<\/a><\/div>\n<\/div>\n\t\t\t\t<\/div>\n\t\t\t\t<\/div>\n\t\t\t\t\t<\/div>\n\t\t<\/div>\n\t\t\t\t\t<\/div>\n\t\t<\/section>\n\t\t\t\t<section class=\"elementor-section elementor-top-section elementor-element elementor-element-4069d82 elementor-section-full_width elementor-section-height-min-height elementor-section-stretched elementor-section-content-middle elementor-section-height-default elementor-section-items-middle qodef-elementor-content-no elementor-invisible\" data-id=\"4069d82\" data-element_type=\"section\" data-e-type=\"section\" data-settings=\"{&quot;animation&quot;:&quot;pulse&quot;,&quot;stretch_section&quot;:&quot;section-stretched&quot;,&quot;background_background&quot;:&quot;slideshow&quot;,&quot;background_slideshow_gallery&quot;:[{&quot;id&quot;:9478,&quot;url&quot;:&quot;https:\\\/\\\/tmbruno.com\\\/wp-content\\\/uploads\\\/2023\\\/07\\\/TMB-old-01.webp&quot;}],&quot;background_slideshow_loop&quot;:&quot;yes&quot;,&quot;background_slideshow_slide_duration&quot;:5000,&quot;background_slideshow_slide_transition&quot;:&quot;fade&quot;,&quot;background_slideshow_transition_duration&quot;:500}\">\n\t\t\t\t\t\t\t<div class=\"elementor-background-overlay\"><\/div>\n\t\t\t\t\t\t\t<div class=\"elementor-container elementor-column-gap-default\">\n\t\t\t\t\t<div class=\"elementor-column elementor-col-100 elementor-top-column elementor-element elementor-element-c17c39c\" data-id=\"c17c39c\" data-element_type=\"column\" data-e-type=\"column\">\n\t\t\t<div class=\"elementor-widget-wrap\">\n\t\t\t\t\t\t\t<\/div>\n\t\t<\/div>\n\t\t\t\t\t<\/div>\n\t\t<\/section>\n\t\t\t\t<section class=\"elementor-section elementor-top-section elementor-element elementor-element-bd9eec6 elementor-section-stretched elementor-section-boxed elementor-section-height-default elementor-section-height-default qodef-elementor-content-no\" data-id=\"bd9eec6\" data-element_type=\"section\" data-e-type=\"section\" data-settings=\"{&quot;stretch_section&quot;:&quot;section-stretched&quot;}\">\n\t\t\t\t\t\t<div class=\"elementor-container elementor-column-gap-default\">\n\t\t\t\t\t<div class=\"elementor-column elementor-col-100 elementor-top-column elementor-element elementor-element-7cddefb\" data-id=\"7cddefb\" data-element_type=\"column\" data-e-type=\"column\">\n\t\t\t<div class=\"elementor-widget-wrap elementor-element-populated\">\n\t\t\t\t\t\t<div class=\"elementor-element elementor-element-aedb43d elementor-widget elementor-widget-wptl_vertical_list\" data-id=\"aedb43d\" data-element_type=\"widget\" data-e-type=\"widget\" data-widget_type=\"wptl_vertical_list.default\">\n\t\t\t\t<div class=\"elementor-widget-container\">\n\t\t\t\t\t<script>if (typeof (Wptl_El_Sp) !== \"undefined\" && Wptl_El_Sp!==null) { Wptl_El_Sp.timelines_hoz(); }<\/script>\t\t\t\t<\/div>\n\t\t\t\t<\/div>\n\t\t\t\t\t<\/div>\n\t\t<\/div>\n\t\t\t\t\t<\/div>\n\t\t<\/section>\n\t\t\t\t<\/div>","protected":false},"excerpt":{"rendered":"<p>TMB &#8211; Transportes Magalh\u00e3es &amp; Bruno, Lda. Hist\u00f3ria Transportes &amp; Log\u00edstica Estamos presentes em Lisboa, Porto, Madrid e Barcelona. Onde Estamos Fundado em 1989 1992 Obras da Cril 1995 A8 Malveira \/ Torres Vedras 1997 Metro Rossio \/ Baixa > Chiado 1998 Expo98 1999 A23 (Fund\u00e3o) 2000 Expresso non-stop, EU 2000 Servi\u00e7o Alemanha 2000 Servi\u00e7o [&hellip;]<\/p>","protected":false},"author":1,"featured_media":0,"parent":8103,"menu_order":0,"comment_status":"closed","ping_status":"closed","template":"page-full-width.php","meta":{"footnotes":""},"class_list":["post-8618","page","type-page","status-publish","hentry"],"yoast_head":"<!-- This site is optimized with the Yoast SEO plugin v27.4 - https:\/\/yoast.com\/product\/yoast-seo-wordpress\/ -->\n<title>Hist\u00f3ria - TMBruno<\/title>\n<meta name=\"robots\" content=\"index, follow, max-snippet:-1, max-image-preview:large, max-video-preview:-1\" \/>\n<link rel=\"canonical\" href=\"https:\/\/tmbruno.com\/en\/quem-somos\/historia\/\" \/>\n<meta property=\"og:locale\" content=\"en_GB\" \/>\n<meta property=\"og:type\" content=\"article\" \/>\n<meta property=\"og:title\" content=\"Hist\u00f3ria - TMBruno\" \/>\n<meta property=\"og:description\" content=\"TMB &#8211; Transportes Magalh\u00e3es &amp; Bruno, Lda. Hist\u00f3ria Transportes &amp; Log\u00edstica Estamos presentes em Lisboa, Porto, Madrid e Barcelona. Onde Estamos Fundado em 1989 1992 Obras da Cril 1995 A8 Malveira \/ Torres Vedras 1997 Metro Rossio \/ Baixa &gt; Chiado 1998 Expo98 1999 A23 (Fund\u00e3o) 2000 Expresso non-stop, EU 2000 Servi\u00e7o Alemanha 2000 Servi\u00e7o [&hellip;]\" \/>\n<meta property=\"og:url\" content=\"https:\/\/tmbruno.com\/en\/quem-somos\/historia\/\" \/>\n<meta property=\"og:site_name\" content=\"TMBruno\" \/>\n<meta property=\"article:modified_time\" content=\"2025-09-17T16:44:48+00:00\" \/>\n<meta property=\"og:image\" content=\"https:\/\/tmbruno.com\/wp-content\/uploads\/2023\/09\/15.webp\" \/>\n<meta name=\"twitter:card\" content=\"summary_large_image\" \/>\n<script type=\"application\/ld+json\" class=\"yoast-schema-graph\">{\"@context\":\"https:\\\/\\\/schema.org\",\"@graph\":[{\"@type\":\"WebPage\",\"@id\":\"https:\\\/\\\/tmbruno.com\\\/quem-somos\\\/historia\\\/\",\"url\":\"https:\\\/\\\/tmbruno.com\\\/quem-somos\\\/historia\\\/\",\"name\":\"Hist\u00f3ria - TMBruno\",\"isPartOf\":{\"@id\":\"https:\\\/\\\/tmbruno.com\\\/#website\"},\"primaryImageOfPage\":{\"@id\":\"https:\\\/\\\/tmbruno.com\\\/quem-somos\\\/historia\\\/#primaryimage\"},\"image\":{\"@id\":\"https:\\\/\\\/tmbruno.com\\\/quem-somos\\\/historia\\\/#primaryimage\"},\"thumbnailUrl\":\"https:\\\/\\\/tmbruno.com\\\/wp-content\\\/uploads\\\/2023\\\/09\\\/15.webp\",\"datePublished\":\"2023-03-10T14:59:19+00:00\",\"dateModified\":\"2025-09-17T16:44:48+00:00\",\"breadcrumb\":{\"@id\":\"https:\\\/\\\/tmbruno.com\\\/quem-somos\\\/historia\\\/#breadcrumb\"},\"inLanguage\":\"en-GB\",\"potentialAction\":[{\"@type\":\"ReadAction\",\"target\":[\"https:\\\/\\\/tmbruno.com\\\/quem-somos\\\/historia\\\/\"]}]},{\"@type\":\"ImageObject\",\"inLanguage\":\"en-GB\",\"@id\":\"https:\\\/\\\/tmbruno.com\\\/quem-somos\\\/historia\\\/#primaryimage\",\"url\":\"https:\\\/\\\/tmbruno.com\\\/wp-content\\\/uploads\\\/2023\\\/09\\\/15.webp\",\"contentUrl\":\"https:\\\/\\\/tmbruno.com\\\/wp-content\\\/uploads\\\/2023\\\/09\\\/15.webp\"},{\"@type\":\"BreadcrumbList\",\"@id\":\"https:\\\/\\\/tmbruno.com\\\/quem-somos\\\/historia\\\/#breadcrumb\",\"itemListElement\":[{\"@type\":\"ListItem\",\"position\":1,\"name\":\"In\u00edcio\",\"item\":\"https:\\\/\\\/tmbruno.com\\\/\"},{\"@type\":\"ListItem\",\"position\":2,\"name\":\"Quem Somos\",\"item\":\"https:\\\/\\\/tmbruno.com\\\/quem-somos\\\/\"},{\"@type\":\"ListItem\",\"position\":3,\"name\":\"Hist\u00f3ria\"}]},{\"@type\":\"WebSite\",\"@id\":\"https:\\\/\\\/tmbruno.com\\\/#website\",\"url\":\"https:\\\/\\\/tmbruno.com\\\/\",\"name\":\"TMBruno\",\"description\":\"Transportes Magalh\u00e3es &amp; Bruno, Lda.\",\"potentialAction\":[{\"@type\":\"SearchAction\",\"target\":{\"@type\":\"EntryPoint\",\"urlTemplate\":\"https:\\\/\\\/tmbruno.com\\\/?s={search_term_string}\"},\"query-input\":{\"@type\":\"PropertyValueSpecification\",\"valueRequired\":true,\"valueName\":\"search_term_string\"}}],\"inLanguage\":\"en-GB\"}]}<\/script>\n<!-- \/ Yoast SEO plugin. -->","yoast_head_json":{"title":"Hist\u00f3ria - TMBruno","robots":{"index":"index","follow":"follow","max-snippet":"max-snippet:-1","max-image-preview":"max-image-preview:large","max-video-preview":"max-video-preview:-1"},"canonical":"https:\/\/tmbruno.com\/en\/quem-somos\/historia\/","og_locale":"en_GB","og_type":"article","og_title":"Hist\u00f3ria - TMBruno","og_description":"TMB &#8211; Transportes Magalh\u00e3es &amp; Bruno, Lda. Hist\u00f3ria Transportes &amp; Log\u00edstica Estamos presentes em Lisboa, Porto, Madrid e Barcelona. Onde Estamos Fundado em 1989 1992 Obras da Cril 1995 A8 Malveira \/ Torres Vedras 1997 Metro Rossio \/ Baixa > Chiado 1998 Expo98 1999 A23 (Fund\u00e3o) 2000 Expresso non-stop, EU 2000 Servi\u00e7o Alemanha 2000 Servi\u00e7o [&hellip;]","og_url":"https:\/\/tmbruno.com\/en\/quem-somos\/historia\/","og_site_name":"TMBruno","article_modified_time":"2025-09-17T16:44:48+00:00","og_image":[{"url":"https:\/\/tmbruno.com\/wp-content\/uploads\/2023\/09\/15.webp","type":"","width":"","height":""}],"twitter_card":"summary_large_image","schema":{"@context":"https:\/\/schema.org","@graph":[{"@type":"WebPage","@id":"https:\/\/tmbruno.com\/quem-somos\/historia\/","url":"https:\/\/tmbruno.com\/quem-somos\/historia\/","name":"Hist\u00f3ria - TMBruno","isPartOf":{"@id":"https:\/\/tmbruno.com\/#website"},"primaryImageOfPage":{"@id":"https:\/\/tmbruno.com\/quem-somos\/historia\/#primaryimage"},"image":{"@id":"https:\/\/tmbruno.com\/quem-somos\/historia\/#primaryimage"},"thumbnailUrl":"https:\/\/tmbruno.com\/wp-content\/uploads\/2023\/09\/15.webp","datePublished":"2023-03-10T14:59:19+00:00","dateModified":"2025-09-17T16:44:48+00:00","breadcrumb":{"@id":"https:\/\/tmbruno.com\/quem-somos\/historia\/#breadcrumb"},"inLanguage":"en-GB","potentialAction":[{"@type":"ReadAction","target":["https:\/\/tmbruno.com\/quem-somos\/historia\/"]}]},{"@type":"ImageObject","inLanguage":"en-GB","@id":"https:\/\/tmbruno.com\/quem-somos\/historia\/#primaryimage","url":"https:\/\/tmbruno.com\/wp-content\/uploads\/2023\/09\/15.webp","contentUrl":"https:\/\/tmbruno.com\/wp-content\/uploads\/2023\/09\/15.webp"},{"@type":"BreadcrumbList","@id":"https:\/\/tmbruno.com\/quem-somos\/historia\/#breadcrumb","itemListElement":[{"@type":"ListItem","position":1,"name":"In\u00edcio","item":"https:\/\/tmbruno.com\/"},{"@type":"ListItem","position":2,"name":"Quem Somos","item":"https:\/\/tmbruno.com\/quem-somos\/"},{"@type":"ListItem","position":3,"name":"Hist\u00f3ria"}]},{"@type":"WebSite","@id":"https:\/\/tmbruno.com\/#website","url":"https:\/\/tmbruno.com\/","name":"TMBruno","description":"Transportes Magalh\u00e3es &amp; Bruno, Lda.","potentialAction":[{"@type":"SearchAction","target":{"@type":"EntryPoint","urlTemplate":"https:\/\/tmbruno.com\/?s={search_term_string}"},"query-input":{"@type":"PropertyValueSpecification","valueRequired":true,"valueName":"search_term_string"}}],"inLanguage":"en-GB"}]}},"_links":{"self":[{"href":"https:\/\/tmbruno.com\/en\/wp-json\/wp\/v2\/pages\/8618","targetHints":{"allow":["GET"]}}],"collection":[{"href":"https:\/\/tmbruno.com\/en\/wp-json\/wp\/v2\/pages"}],"about":[{"href":"https:\/\/tmbruno.com\/en\/wp-json\/wp\/v2\/types\/page"}],"author":[{"embeddable":true,"href":"https:\/\/tmbruno.com\/en\/wp-json\/wp\/v2\/users\/1"}],"replies":[{"embeddable":true,"href":"https:\/\/tmbruno.com\/en\/wp-json\/wp\/v2\/comments?post=8618"}],"version-history":[{"count":5,"href":"https:\/\/tmbruno.com\/en\/wp-json\/wp\/v2\/pages\/8618\/revisions"}],"predecessor-version":[{"id":10442,"href":"https:\/\/tmbruno.com\/en\/wp-json\/wp\/v2\/pages\/8618\/revisions\/10442"}],"up":[{"embeddable":true,"href":"https:\/\/tmbruno.com\/en\/wp-json\/wp\/v2\/pages\/8103"}],"wp:attachment":[{"href":"https:\/\/tmbruno.com\/en\/wp-json\/wp\/v2\/media?parent=8618"}],"curies":[{"name":"wp","href":"https:\/\/api.w.org\/{rel}","templated":true}]}}