{"id":8238,"date":"2023-02-20T17:37:31","date_gmt":"2023-02-20T17:37:31","guid":{"rendered":"https:\/\/tmbruno.com\/?page_id=8238"},"modified":"2023-10-25T13:32:27","modified_gmt":"2023-10-25T13:32:27","slug":"armazenagem","status":"publish","type":"page","link":"https:\/\/tmbruno.com\/en\/servicos-123\/armazenagem\/","title":{"rendered":"Warehousing"},"content":{"rendered":"<div data-elementor-type=\"wp-page\" data-elementor-id=\"8238\" class=\"elementor elementor-8238\" data-elementor-post-type=\"page\">\n\t\t\t\t\t\t<section class=\"elementor-section elementor-top-section elementor-element elementor-element-df8f2a1 qodef-elementor-content-grid elementor-section-boxed elementor-section-height-default elementor-section-height-default elementor-invisible\" data-id=\"df8f2a1\" data-element_type=\"section\" data-e-type=\"section\" data-settings=\"{&quot;animation&quot;:&quot;slideInDown&quot;}\">\n\t\t\t\t\t\t<div class=\"elementor-container elementor-column-gap-default\">\n\t\t\t\t\t<div class=\"elementor-column elementor-col-50 elementor-top-column elementor-element elementor-element-063b629\" data-id=\"063b629\" data-element_type=\"column\" data-e-type=\"column\">\n\t\t\t<div class=\"elementor-widget-wrap elementor-element-populated\">\n\t\t\t\t\t\t<div class=\"elementor-element elementor-element-3f4f73c elementor-widget-tablet__width-inherit elementor-invisible elementor-widget elementor-widget-globefarer_core_section_title\" data-id=\"3f4f73c\" data-element_type=\"widget\" data-e-type=\"widget\" data-settings=\"{&quot;_animation&quot;:&quot;fadeIn&quot;}\" data-widget_type=\"globefarer_core_section_title.default\">\n\t\t\t\t<div class=\"elementor-widget-container\">\n\t\t\t\t\t<div class=\"qodef-shortcode qodef-m  qodef-section-title qodef-alignment--left   qodef-appear-animation--yes\">\n\t\t<h6 class=\"qodef-m-tagline\" style=\"color: #007BC0\">\n\t\tTMB - Transportes Magalh\u00e3es &amp; Bruno, Lda.\t<\/h6>\n\t\t<h1 class=\"qodef-m-title\" >\n\t\t\t\t\tWarehousing\t\t\t<\/h1>\n\t\t<\/div>\n\t\t\t\t<\/div>\n\t\t\t\t<\/div>\n\t\t\t\t\t<\/div>\n\t\t<\/div>\n\t\t\t\t<div class=\"elementor-column elementor-col-50 elementor-top-column elementor-element elementor-element-f9e9826\" data-id=\"f9e9826\" data-element_type=\"column\" data-e-type=\"column\">\n\t\t\t<div class=\"elementor-widget-wrap\">\n\t\t\t\t\t\t\t<\/div>\n\t\t<\/div>\n\t\t\t\t\t<\/div>\n\t\t<\/section>\n\t\t\t\t<section class=\"elementor-section elementor-top-section elementor-element elementor-element-c38ab19 qodef-elementor-content-grid elementor-section-boxed elementor-section-height-default elementor-section-height-default\" data-id=\"c38ab19\" data-element_type=\"section\" data-e-type=\"section\">\n\t\t\t\t\t\t<div class=\"elementor-container elementor-column-gap-default\">\n\t\t\t\t\t<div class=\"elementor-column elementor-col-50 elementor-top-column elementor-element elementor-element-78a4bb2\" data-id=\"78a4bb2\" data-element_type=\"column\" data-e-type=\"column\" data-settings=\"{&quot;background_background&quot;:&quot;classic&quot;}\">\n\t\t\t<div class=\"elementor-widget-wrap\">\n\t\t\t\t\t\t\t<\/div>\n\t\t<\/div>\n\t\t\t\t<div class=\"elementor-column elementor-col-50 elementor-top-column elementor-element elementor-element-e5d7beb\" data-id=\"e5d7beb\" data-element_type=\"column\" data-e-type=\"column\">\n\t\t\t<div class=\"elementor-widget-wrap elementor-element-populated\">\n\t\t\t\t\t\t<div class=\"elementor-element elementor-element-9fdf4a0 elementor-widget__width-initial elementor-widget-tablet__width-inherit elementor-widget elementor-widget-globefarer_core_call_to_action\" data-id=\"9fdf4a0\" data-element_type=\"widget\" data-e-type=\"widget\" data-widget_type=\"globefarer_core_call_to_action.default\">\n\t\t\t\t<div class=\"elementor-widget-container\">\n\t\t\t\t\t<div class=\"qodef-shortcode qodef-m  qodef-call-to-action qodef-layout--standard qodef-appear-animation--yes\">\n\t<div class=\"qodef-m-content\">\n    <div class=\"qodef-m-content-mask\">\n        \t<h6 class=\"qodef-m-tagline\">\n\t\tTransport &amp; Logistics\t<\/h6>\n\t<h3 class=\"qodef-m-title\">\n\t\tWe are present in Lisbon, Porto, Madrid and Barcelona.\t<\/h3>\n    <\/div>\n<\/div>\n<div class=\"qodef-m-button-mask\">\n    \t<a class=\"qodef-shortcode qodef-m qodef-m-button qodef-button qodef-layout--filled  qodef-html--link\" href=\"\/en\/carga-completa\/\" target=\"_self\"  >\t\t\t<span class=\"qodef-m-button-icon\"><svg class=\"qodef-svg--plus\" xmlns=\"http:\/\/www.w3.org\/2000\/svg\" xmlns:xlink=\"http:\/\/www.w3.org\/1999\/xlink\" width=\"14\" height=\"14\" viewbox=\"0 0 14 14\"><path class=\"qodef-m-horizontal\" d=\"M0,0H14V2H0Z\" transform=\"translate(0 6)\" \/><path class=\"qodef-m-vertical\" d=\"M0,0H2V14H0Z\" transform=\"translate(6)\" \/><\/svg><\/span>\t\t\t\t<span class=\"qodef-m-button-text\">Full Cargo<\/span>\t<\/a><\/div>\n<\/div>\n\t\t\t\t<\/div>\n\t\t\t\t<\/div>\n\t\t\t\t\t<\/div>\n\t\t<\/div>\n\t\t\t\t\t<\/div>\n\t\t<\/section>\n\t\t\t\t<section class=\"elementor-section elementor-top-section elementor-element elementor-element-4069d82 elementor-section-full_width elementor-section-height-min-height elementor-section-content-middle elementor-section-height-default elementor-section-items-middle qodef-elementor-content-no elementor-invisible\" data-id=\"4069d82\" data-element_type=\"section\" data-e-type=\"section\" data-settings=\"{&quot;background_background&quot;:&quot;classic&quot;,&quot;animation&quot;:&quot;pulse&quot;}\">\n\t\t\t\t\t\t\t<div class=\"elementor-background-overlay\"><\/div>\n\t\t\t\t\t\t\t<div class=\"elementor-container elementor-column-gap-default\">\n\t\t\t\t\t<div class=\"elementor-column elementor-col-100 elementor-top-column elementor-element elementor-element-c17c39c\" data-id=\"c17c39c\" data-element_type=\"column\" data-e-type=\"column\">\n\t\t\t<div class=\"elementor-widget-wrap\">\n\t\t\t\t\t\t\t<\/div>\n\t\t<\/div>\n\t\t\t\t\t<\/div>\n\t\t<\/section>\n\t\t\t\t<section class=\"elementor-section elementor-top-section elementor-element elementor-element-e0ad21e elementor-section-full_width qodef-elementor-content-grid elementor-section-content-middle elementor-section-stretched elementor-section-height-default elementor-section-height-default elementor-invisible\" data-id=\"e0ad21e\" data-element_type=\"section\" data-e-type=\"section\" data-settings=\"{&quot;background_background&quot;:&quot;classic&quot;,&quot;stretch_section&quot;:&quot;section-stretched&quot;,&quot;animation&quot;:&quot;fadeIn&quot;}\">\n\t\t\t\t\t\t<div class=\"elementor-container elementor-column-gap-no\">\n\t\t\t\t\t<div class=\"elementor-column elementor-col-100 elementor-top-column elementor-element elementor-element-4f60f68\" data-id=\"4f60f68\" data-element_type=\"column\" data-e-type=\"column\">\n\t\t\t<div class=\"elementor-widget-wrap elementor-element-populated\">\n\t\t\t\t\t\t<div class=\"elementor-element elementor-element-7ff999a elementor-widget elementor-widget-globefarer_core_divided_image_info\" data-id=\"7ff999a\" data-element_type=\"widget\" data-e-type=\"widget\" data-widget_type=\"globefarer_core_divided_image_info.default\">\n\t\t\t\t<div class=\"elementor-widget-container\">\n\t\t\t\t\t<div class=\"qodef-shortcode qodef-m  qodef-divided-image-info qodef-layout--image-left qodef-separator--on  qodef-breakpoint--1024 qodef-appear-animation--yes qodef-appear-animation-type--roll-out\">\n\t\t<div class=\"qodef-m-image\" style=\"width: 63%;padding-left: 0px;padding-right: 5.8%\">\n\t\t<img fetchpriority=\"high\" decoding=\"async\" width=\"1700\" height=\"1080\" src=\"https:\/\/tmbruno.com\/wp-content\/uploads\/2023\/06\/TMB_7414.webp\" class=\"attachment-full size-full\" alt=\"\" srcset=\"https:\/\/tmbruno.com\/wp-content\/uploads\/2023\/06\/TMB_7414.webp 1700w, https:\/\/tmbruno.com\/wp-content\/uploads\/2023\/06\/TMB_7414-300x191.webp 300w, https:\/\/tmbruno.com\/wp-content\/uploads\/2023\/06\/TMB_7414-1024x651.webp 1024w, https:\/\/tmbruno.com\/wp-content\/uploads\/2023\/06\/TMB_7414-768x488.webp 768w, https:\/\/tmbruno.com\/wp-content\/uploads\/2023\/06\/TMB_7414-1536x976.webp 1536w, https:\/\/tmbruno.com\/wp-content\/uploads\/2023\/06\/TMB_7414-18x12.webp 18w\" sizes=\"(max-width: 1700px) 100vw, 1700px\" \/>\t<\/div>\n<div class=\"qodef-m-content\" style=\"margin-top: 10px;padding-left: 4%;padding-right: 0px\">\n\t\t\t<h2 itemprop=\"name\" class=\"qodef-m-title\" style=\"margin-bottom: 29px\">\n\tA point of support.\t<\/h2>\n\t<p class=\"qodef-m-text\" >\n\t\tOur warehouses support your storage needs. The warehouses are equipped with racks, but we also have spaces prepared for \"American stack\" storage.\t<\/p>\n\t<a class=\"qodef-shortcode qodef-m qodef-m-button qodef-button qodef-layout--textual  qodef-html--link\" href=\"\/en\/frota\/\" target=\"_self\"  >\t\t\t<span class=\"qodef-m-button-icon\"><svg class=\"qodef-svg--plus\" xmlns=\"http:\/\/www.w3.org\/2000\/svg\" xmlns:xlink=\"http:\/\/www.w3.org\/1999\/xlink\" width=\"14\" height=\"14\" viewbox=\"0 0 14 14\"><path class=\"qodef-m-horizontal\" d=\"M0,0H14V2H0Z\" transform=\"translate(0 6)\" \/><path class=\"qodef-m-vertical\" d=\"M0,0H2V14H0Z\" transform=\"translate(6)\" \/><\/svg><\/span>\t\t\t\t<span class=\"qodef-m-button-text\">Read more<br \/> About the Fleet:<\/span>\t<\/a><\/div>\n<\/div>\n\t\t\t\t<\/div>\n\t\t\t\t<\/div>\n\t\t\t\t\t<\/div>\n\t\t<\/div>\n\t\t\t\t\t<\/div>\n\t\t<\/section>\n\t\t\t\t<section class=\"elementor-section elementor-top-section elementor-element elementor-element-f299030 elementor-section-full_width elementor-section-height-min-height elementor-section-content-middle qodef-elementor-content-grid qodef-extended-grid-disabled--1366 elementor-section-stretched elementor-section-height-default elementor-section-items-middle\" data-id=\"f299030\" data-element_type=\"section\" data-e-type=\"section\" data-settings=\"{&quot;background_background&quot;:&quot;video&quot;,&quot;background_video_link&quot;:&quot;https:\\\/\\\/tmbruno.com\\\/wp-content\\\/uploads\\\/2023\\\/06\\\/TMB_ARMAZENAMENDO.mp4&quot;,&quot;background_play_on_mobile&quot;:&quot;yes&quot;,&quot;stretch_section&quot;:&quot;section-stretched&quot;}\">\n\t\t\t\t\t\t\t\t<div class=\"elementor-background-video-container\">\n\t\t\t\t\t\t\t\t\t\t\t\t\t<video class=\"elementor-background-video-hosted\" role=\"presentation\" autoplay muted playsinline loop><\/video>\n\t\t\t\t\t\t\t\t\t\t\t<\/div>\n\t\t\t\t\t\t\t\t\t<div class=\"elementor-background-overlay\"><\/div>\n\t\t\t\t\t\t\t<div class=\"elementor-container elementor-column-gap-no\">\n\t\t\t\t\t<div class=\"elementor-column elementor-col-100 elementor-top-column elementor-element elementor-element-e8fbea9\" data-id=\"e8fbea9\" data-element_type=\"column\" data-e-type=\"column\" data-settings=\"{&quot;background_background&quot;:&quot;classic&quot;}\">\n\t\t\t<div class=\"elementor-widget-wrap\">\n\t\t\t\t\t\t\t<\/div>\n\t\t<\/div>\n\t\t\t\t\t<\/div>\n\t\t<\/section>\n\t\t\t\t<section class=\"elementor-section elementor-top-section elementor-element elementor-element-3d81e07 elementor-section-full_width qodef-elementor-content-grid elementor-section-stretched elementor-section-height-default elementor-section-height-default\" data-id=\"3d81e07\" data-element_type=\"section\" data-e-type=\"section\" data-settings=\"{&quot;stretch_section&quot;:&quot;section-stretched&quot;}\">\n\t\t\t\t\t\t<div class=\"elementor-container elementor-column-gap-no\">\n\t\t\t\t\t<div class=\"elementor-column elementor-col-33 elementor-top-column elementor-element elementor-element-7592c6d\" data-id=\"7592c6d\" data-element_type=\"column\" data-e-type=\"column\">\n\t\t\t<div class=\"elementor-widget-wrap elementor-element-populated\">\n\t\t\t\t\t\t<div class=\"elementor-element elementor-element-dcbb0d2 elementor-widget elementor-widget-globefarer_core_single_image\" data-id=\"dcbb0d2\" data-element_type=\"widget\" data-e-type=\"widget\" data-widget_type=\"globefarer_core_single_image.default\">\n\t\t\t\t<div class=\"elementor-widget-container\">\n\t\t\t\t\t<div class=\"qodef-shortcode qodef-m  qodef-single-image qodef-layout--default qodef-appear-animation--no\">\n\t\t<div class=\"qodef-m-image\">\n\t\t\t\t\t<img decoding=\"async\" width=\"1700\" height=\"1080\" src=\"https:\/\/tmbruno.com\/wp-content\/uploads\/2023\/06\/TMB_7442.webp\" class=\"attachment-full size-full\" alt=\"\" srcset=\"https:\/\/tmbruno.com\/wp-content\/uploads\/2023\/06\/TMB_7442.webp 1700w, https:\/\/tmbruno.com\/wp-content\/uploads\/2023\/06\/TMB_7442-300x191.webp 300w, https:\/\/tmbruno.com\/wp-content\/uploads\/2023\/06\/TMB_7442-1024x651.webp 1024w, https:\/\/tmbruno.com\/wp-content\/uploads\/2023\/06\/TMB_7442-768x488.webp 768w, https:\/\/tmbruno.com\/wp-content\/uploads\/2023\/06\/TMB_7442-1536x976.webp 1536w, https:\/\/tmbruno.com\/wp-content\/uploads\/2023\/06\/TMB_7442-18x12.webp 18w\" sizes=\"(max-width: 1700px) 100vw, 1700px\" \/>\t\t\t<\/div>\n<\/div>\n\t\t\t\t<\/div>\n\t\t\t\t<\/div>\n\t\t\t\t\t<\/div>\n\t\t<\/div>\n\t\t\t\t<div class=\"elementor-column elementor-col-33 elementor-top-column elementor-element elementor-element-a5a7201\" data-id=\"a5a7201\" data-element_type=\"column\" data-e-type=\"column\">\n\t\t\t<div class=\"elementor-widget-wrap elementor-element-populated\">\n\t\t\t\t\t\t<div class=\"elementor-element elementor-element-380ca08 elementor-widget__width-initial elementor-invisible elementor-widget elementor-widget-text-editor\" data-id=\"380ca08\" data-element_type=\"widget\" data-e-type=\"widget\" data-settings=\"{&quot;_animation&quot;:&quot;fadeIn&quot;,&quot;_animation_delay&quot;:50}\" data-widget_type=\"text-editor.default\">\n\t\t\t\t<div class=\"elementor-widget-container\">\n\t\t\t\t\t\t\t\t\tWe provide all the associated services, such as handling in, handling out, checking goods in and out, picking, a technical area for assessing equipment, reporting on the status of goods and stocks, and spaces for cross-docking.\t\t\t\t\t\t\t\t<\/div>\n\t\t\t\t<\/div>\n\t\t\t\t\t<\/div>\n\t\t<\/div>\n\t\t\t\t<div class=\"elementor-column elementor-col-33 elementor-top-column elementor-element elementor-element-97f6445\" data-id=\"97f6445\" data-element_type=\"column\" data-e-type=\"column\">\n\t\t\t<div class=\"elementor-widget-wrap elementor-element-populated\">\n\t\t\t\t\t\t<div class=\"elementor-element elementor-element-4d75c20 elementor-widget__width-inherit elementor-widget-tablet__width-initial elementor-widget elementor-widget-globefarer_core_list_items\" data-id=\"4d75c20\" data-element_type=\"widget\" data-e-type=\"widget\" data-widget_type=\"globefarer_core_list_items.default\">\n\t\t\t\t<div class=\"elementor-widget-container\">\n\t\t\t\t\t<div class=\"qodef-shortcode qodef-m  qodef-list-items qodef-layout--underline-list\">\n\t\t<h4 class=\"qodef-m-title\" >\n\t\tOther Services\t<\/h4>\n\t\t\t<ul class=\"qodef-m-list\">\n\t\t\t\t\t\t\t\t<li class=\"qodef-m-list-item\" >\n<p class=\"qodef-m-list-item-inner\">\n\t\t\t<a class=\"qodef-m-list-link\" itemprop=\"url\" href=\"https:\/\/tmbruno.com\/en\/servicos\/\" target=\"_self\">\n\t\t\t\t<span class=\"qodef-m-list-text\">\n\t\tServices\t<\/span>\n\t\t\t<\/a>\n\t<\/p>\n<\/li>\n\t\t\t\t\t\t\t\t<li class=\"qodef-m-list-item\" >\n<p class=\"qodef-m-list-item-inner\">\n\t\t\t<a class=\"qodef-m-list-link\" itemprop=\"url\" href=\"\/en\/carga-completa\/\" target=\"_self\">\n\t\t\t\t<span class=\"qodef-m-list-text\">\n\t\tFull Cargo\t<\/span>\n\t\t\t<\/a>\n\t<\/p>\n<\/li>\n\t\t\t\t\t\t\t\t<li class=\"qodef-m-list-item\" >\n<p class=\"qodef-m-list-item-inner\">\n\t\t\t<a class=\"qodef-m-list-link\" itemprop=\"url\" href=\"\/en\/distribuicao\/\" target=\"_self\">\n\t\t\t\t<span class=\"qodef-m-list-text\">\n\t\tDistribution\t<\/span>\n\t\t\t<\/a>\n\t<\/p>\n<\/li>\n\t\t\t\t\t\t\t\t<li class=\"qodef-m-list-item\" >\n<p class=\"qodef-m-list-item-inner\">\n\t\t\t<a class=\"qodef-m-list-link\" itemprop=\"url\" href=\"\/en\/operacoes-dedicadas\/\" target=\"_self\">\n\t\t\t\t<span class=\"qodef-m-list-text\">\n\t\tDedicated Operations\t<\/span>\n\t\t\t<\/a>\n\t<\/p>\n<\/li>\n\t\t\t\t<\/ul>\n\t<\/div>\n\t\t\t\t<\/div>\n\t\t\t\t<\/div>\n\t\t\t\t\t<\/div>\n\t\t<\/div>\n\t\t\t\t\t<\/div>\n\t\t<\/section>\n\t\t\t\t<section class=\"elementor-section elementor-top-section elementor-element elementor-element-682b51b elementor-section-full_width elementor-section-height-min-height elementor-section-content-middle qodef-elementor-content-grid qodef-extended-grid-disabled--1366 elementor-section-stretched elementor-section-height-default elementor-section-items-middle\" data-id=\"682b51b\" data-element_type=\"section\" data-e-type=\"section\" data-settings=\"{&quot;background_background&quot;:&quot;classic&quot;,&quot;stretch_section&quot;:&quot;section-stretched&quot;}\">\n\t\t\t\t\t\t\t<div class=\"elementor-background-overlay\"><\/div>\n\t\t\t\t\t\t\t<div class=\"elementor-container elementor-column-gap-no\">\n\t\t\t\t\t<div class=\"elementor-column elementor-col-100 elementor-top-column elementor-element elementor-element-ad705cc\" data-id=\"ad705cc\" data-element_type=\"column\" data-e-type=\"column\" data-settings=\"{&quot;background_background&quot;:&quot;classic&quot;}\">\n\t\t\t<div class=\"elementor-widget-wrap elementor-element-populated\">\n\t\t\t\t\t\t<div class=\"elementor-element elementor-element-fa90b47 animated-slow elementor-invisible elementor-widget elementor-widget-image\" data-id=\"fa90b47\" data-element_type=\"widget\" data-e-type=\"widget\" data-settings=\"{&quot;_animation&quot;:&quot;fadeIn&quot;}\" data-widget_type=\"image.default\">\n\t\t\t\t<div class=\"elementor-widget-container\">\n\t\t\t\t\t\t\t\t\t\t\t\t\t\t\t<img decoding=\"async\" width=\"250\" height=\"63\" src=\"https:\/\/tmbruno.com\/wp-content\/uploads\/2023\/07\/TMB-logo-branco.svg\" class=\"attachment-full size-full wp-image-9418\" alt=\"\" \/>\t\t\t\t\t\t\t\t\t\t\t\t\t\t\t<\/div>\n\t\t\t\t<\/div>\n\t\t\t\t\t<\/div>\n\t\t<\/div>\n\t\t\t\t\t<\/div>\n\t\t<\/section>\n\t\t\t\t<\/div>","protected":false},"excerpt":{"rendered":"<p>TMB &#8211; Transportes Magalh\u00e3es &amp; Bruno, Lda. Armazenagem Transportes &amp; Log\u00edstica Estamos presentes em Lisboa, Porto, Madrid e Barcelona. Carga Completa Um ponto de suporte. Os nossos armaz\u00e9ns d\u00e3o suporte a necessidades de Armazenagem. Os armaz\u00e9ns encontram-se equipados com racks, contudo temos espa\u00e7os preparados para armazenagem em \u201cpilha americana\u201d. Saber Mais Sobre a Frota Fornecemos [&hellip;]<\/p>","protected":false},"author":1,"featured_media":0,"parent":8574,"menu_order":0,"comment_status":"closed","ping_status":"closed","template":"page-full-width.php","meta":{"footnotes":""},"class_list":["post-8238","page","type-page","status-publish","hentry"],"yoast_head":"<!-- This site is optimized with the Yoast SEO plugin v27.4 - https:\/\/yoast.com\/product\/yoast-seo-wordpress\/ -->\n<title>Armazenagem - TMBruno<\/title>\n<meta name=\"robots\" content=\"index, follow, max-snippet:-1, max-image-preview:large, max-video-preview:-1\" \/>\n<link rel=\"canonical\" href=\"https:\/\/tmbruno.com\/en\/servicos-123\/armazenagem\/\" \/>\n<meta property=\"og:locale\" content=\"en_GB\" \/>\n<meta property=\"og:type\" content=\"article\" \/>\n<meta property=\"og:title\" content=\"Armazenagem - TMBruno\" \/>\n<meta property=\"og:description\" content=\"TMB &#8211; Transportes Magalh\u00e3es &amp; Bruno, Lda. Armazenagem Transportes &amp; Log\u00edstica Estamos presentes em Lisboa, Porto, Madrid e Barcelona. Carga Completa Um ponto de suporte. Os nossos armaz\u00e9ns d\u00e3o suporte a necessidades de Armazenagem. Os armaz\u00e9ns encontram-se equipados com racks, contudo temos espa\u00e7os preparados para armazenagem em \u201cpilha americana\u201d. Saber Mais Sobre a Frota Fornecemos [&hellip;]\" \/>\n<meta property=\"og:url\" content=\"https:\/\/tmbruno.com\/en\/servicos-123\/armazenagem\/\" \/>\n<meta property=\"og:site_name\" content=\"TMBruno\" \/>\n<meta property=\"article:modified_time\" content=\"2023-10-25T13:32:27+00:00\" \/>\n<meta property=\"og:image\" content=\"https:\/\/tmbruno.com\/wp-content\/uploads\/2023\/06\/TMB_7414.webp\" \/>\n<meta name=\"twitter:card\" content=\"summary_large_image\" \/>\n<meta name=\"twitter:label1\" content=\"Estimated reading time\" \/>\n\t<meta name=\"twitter:data1\" content=\"1 minute\" \/>\n<script type=\"application\/ld+json\" class=\"yoast-schema-graph\">{\"@context\":\"https:\\\/\\\/schema.org\",\"@graph\":[{\"@type\":\"WebPage\",\"@id\":\"https:\\\/\\\/tmbruno.com\\\/servicos-123\\\/armazenagem\\\/\",\"url\":\"https:\\\/\\\/tmbruno.com\\\/servicos-123\\\/armazenagem\\\/\",\"name\":\"Armazenagem - TMBruno\",\"isPartOf\":{\"@id\":\"https:\\\/\\\/tmbruno.com\\\/#website\"},\"primaryImageOfPage\":{\"@id\":\"https:\\\/\\\/tmbruno.com\\\/servicos-123\\\/armazenagem\\\/#primaryimage\"},\"image\":{\"@id\":\"https:\\\/\\\/tmbruno.com\\\/servicos-123\\\/armazenagem\\\/#primaryimage\"},\"thumbnailUrl\":\"https:\\\/\\\/tmbruno.com\\\/wp-content\\\/uploads\\\/2023\\\/06\\\/TMB_7414.webp\",\"datePublished\":\"2023-02-20T17:37:31+00:00\",\"dateModified\":\"2023-10-25T13:32:27+00:00\",\"breadcrumb\":{\"@id\":\"https:\\\/\\\/tmbruno.com\\\/servicos-123\\\/armazenagem\\\/#breadcrumb\"},\"inLanguage\":\"en-GB\",\"potentialAction\":[{\"@type\":\"ReadAction\",\"target\":[\"https:\\\/\\\/tmbruno.com\\\/servicos-123\\\/armazenagem\\\/\"]}]},{\"@type\":\"ImageObject\",\"inLanguage\":\"en-GB\",\"@id\":\"https:\\\/\\\/tmbruno.com\\\/servicos-123\\\/armazenagem\\\/#primaryimage\",\"url\":\"https:\\\/\\\/tmbruno.com\\\/wp-content\\\/uploads\\\/2023\\\/06\\\/TMB_7414.webp\",\"contentUrl\":\"https:\\\/\\\/tmbruno.com\\\/wp-content\\\/uploads\\\/2023\\\/06\\\/TMB_7414.webp\"},{\"@type\":\"BreadcrumbList\",\"@id\":\"https:\\\/\\\/tmbruno.com\\\/servicos-123\\\/armazenagem\\\/#breadcrumb\",\"itemListElement\":[{\"@type\":\"ListItem\",\"position\":1,\"name\":\"In\u00edcio\",\"item\":\"https:\\\/\\\/tmbruno.com\\\/\"},{\"@type\":\"ListItem\",\"position\":2,\"name\":\"Servi\u00e7os\",\"item\":\"https:\\\/\\\/tmbruno.com\\\/servicos-123\\\/\"},{\"@type\":\"ListItem\",\"position\":3,\"name\":\"Armazenagem\"}]},{\"@type\":\"WebSite\",\"@id\":\"https:\\\/\\\/tmbruno.com\\\/#website\",\"url\":\"https:\\\/\\\/tmbruno.com\\\/\",\"name\":\"TMBruno\",\"description\":\"Transportes Magalh\u00e3es &amp; Bruno, Lda.\",\"potentialAction\":[{\"@type\":\"SearchAction\",\"target\":{\"@type\":\"EntryPoint\",\"urlTemplate\":\"https:\\\/\\\/tmbruno.com\\\/?s={search_term_string}\"},\"query-input\":{\"@type\":\"PropertyValueSpecification\",\"valueRequired\":true,\"valueName\":\"search_term_string\"}}],\"inLanguage\":\"en-GB\"}]}<\/script>\n<!-- \/ Yoast SEO plugin. -->","yoast_head_json":{"title":"Armazenagem - TMBruno","robots":{"index":"index","follow":"follow","max-snippet":"max-snippet:-1","max-image-preview":"max-image-preview:large","max-video-preview":"max-video-preview:-1"},"canonical":"https:\/\/tmbruno.com\/en\/servicos-123\/armazenagem\/","og_locale":"en_GB","og_type":"article","og_title":"Armazenagem - TMBruno","og_description":"TMB &#8211; Transportes Magalh\u00e3es &amp; Bruno, Lda. Armazenagem Transportes &amp; Log\u00edstica Estamos presentes em Lisboa, Porto, Madrid e Barcelona. Carga Completa Um ponto de suporte. Os nossos armaz\u00e9ns d\u00e3o suporte a necessidades de Armazenagem. Os armaz\u00e9ns encontram-se equipados com racks, contudo temos espa\u00e7os preparados para armazenagem em \u201cpilha americana\u201d. Saber Mais Sobre a Frota Fornecemos [&hellip;]","og_url":"https:\/\/tmbruno.com\/en\/servicos-123\/armazenagem\/","og_site_name":"TMBruno","article_modified_time":"2023-10-25T13:32:27+00:00","og_image":[{"url":"https:\/\/tmbruno.com\/wp-content\/uploads\/2023\/06\/TMB_7414.webp","type":"","width":"","height":""}],"twitter_card":"summary_large_image","twitter_misc":{"Estimated reading time":"1 minute"},"schema":{"@context":"https:\/\/schema.org","@graph":[{"@type":"WebPage","@id":"https:\/\/tmbruno.com\/servicos-123\/armazenagem\/","url":"https:\/\/tmbruno.com\/servicos-123\/armazenagem\/","name":"Armazenagem - TMBruno","isPartOf":{"@id":"https:\/\/tmbruno.com\/#website"},"primaryImageOfPage":{"@id":"https:\/\/tmbruno.com\/servicos-123\/armazenagem\/#primaryimage"},"image":{"@id":"https:\/\/tmbruno.com\/servicos-123\/armazenagem\/#primaryimage"},"thumbnailUrl":"https:\/\/tmbruno.com\/wp-content\/uploads\/2023\/06\/TMB_7414.webp","datePublished":"2023-02-20T17:37:31+00:00","dateModified":"2023-10-25T13:32:27+00:00","breadcrumb":{"@id":"https:\/\/tmbruno.com\/servicos-123\/armazenagem\/#breadcrumb"},"inLanguage":"en-GB","potentialAction":[{"@type":"ReadAction","target":["https:\/\/tmbruno.com\/servicos-123\/armazenagem\/"]}]},{"@type":"ImageObject","inLanguage":"en-GB","@id":"https:\/\/tmbruno.com\/servicos-123\/armazenagem\/#primaryimage","url":"https:\/\/tmbruno.com\/wp-content\/uploads\/2023\/06\/TMB_7414.webp","contentUrl":"https:\/\/tmbruno.com\/wp-content\/uploads\/2023\/06\/TMB_7414.webp"},{"@type":"BreadcrumbList","@id":"https:\/\/tmbruno.com\/servicos-123\/armazenagem\/#breadcrumb","itemListElement":[{"@type":"ListItem","position":1,"name":"In\u00edcio","item":"https:\/\/tmbruno.com\/"},{"@type":"ListItem","position":2,"name":"Servi\u00e7os","item":"https:\/\/tmbruno.com\/servicos-123\/"},{"@type":"ListItem","position":3,"name":"Armazenagem"}]},{"@type":"WebSite","@id":"https:\/\/tmbruno.com\/#website","url":"https:\/\/tmbruno.com\/","name":"TMBruno","description":"Transportes Magalh\u00e3es &amp; Bruno, Lda.","potentialAction":[{"@type":"SearchAction","target":{"@type":"EntryPoint","urlTemplate":"https:\/\/tmbruno.com\/?s={search_term_string}"},"query-input":{"@type":"PropertyValueSpecification","valueRequired":true,"valueName":"search_term_string"}}],"inLanguage":"en-GB"}]}},"_links":{"self":[{"href":"https:\/\/tmbruno.com\/en\/wp-json\/wp\/v2\/pages\/8238","targetHints":{"allow":["GET"]}}],"collection":[{"href":"https:\/\/tmbruno.com\/en\/wp-json\/wp\/v2\/pages"}],"about":[{"href":"https:\/\/tmbruno.com\/en\/wp-json\/wp\/v2\/types\/page"}],"author":[{"embeddable":true,"href":"https:\/\/tmbruno.com\/en\/wp-json\/wp\/v2\/users\/1"}],"replies":[{"embeddable":true,"href":"https:\/\/tmbruno.com\/en\/wp-json\/wp\/v2\/comments?post=8238"}],"version-history":[{"count":5,"href":"https:\/\/tmbruno.com\/en\/wp-json\/wp\/v2\/pages\/8238\/revisions"}],"predecessor-version":[{"id":10147,"href":"https:\/\/tmbruno.com\/en\/wp-json\/wp\/v2\/pages\/8238\/revisions\/10147"}],"up":[{"embeddable":true,"href":"https:\/\/tmbruno.com\/en\/wp-json\/wp\/v2\/pages\/8574"}],"wp:attachment":[{"href":"https:\/\/tmbruno.com\/en\/wp-json\/wp\/v2\/media?parent=8238"}],"curies":[{"name":"wp","href":"https:\/\/api.w.org\/{rel}","templated":true}]}}